{"id":3448,"date":"2015-06-04T12:50:58","date_gmt":"2015-06-04T12:50:58","guid":{"rendered":"http:\/\/themes.themegoods.com\/grandrestaurant\/demo1\/?page_id=3448"},"modified":"2021-01-08T21:10:29","modified_gmt":"2021-01-08T21:10:29","slug":"ettermeink","status":"publish","type":"page","link":"https:\/\/vinvin.hu\/en\/ettermeink\/","title":{"rendered":"Restaurant Contact Maps"},"content":{"rendered":"<div  class=\"one fullwidth\"><\/div>\n<div  class=\"one\" style=\"padding: 70px 0 70px 0 !important;position:relative;padding:40px 0 40px 0;color:#ffffff;\" >\n<div class=\"standard_wrapper\">\n<div>\n<div class=\"inner\">\n<div class=\"parallax_scroll_image\" id=\"map1610140229147529552\" style=\"width:65%;height:600px;float:left;\">\n<div class=\"map-marker\" data-latlng=\"47.4961776,19.0520465\" data-icon=\"https:\/\/vinvin.hu\/wp-content\/uploads\/2020\/11\/30707009_2091669077774169_5099711912342454272_n-e1606598148496.jpg\" ><\/div>\n<\/div>\n<div class=\"one_half last parallax_scroll\" style=\"width:40%;position:absolute;right:90px;background:#25252f;padding:40px;\" data-stellar-ratio=\"1.3\">\n<h2 class=\"ppb_title\" style=\"color:#ffffff;\"><span class=\"ppb_title_first\" style=\"color:#ffffff;\"><\/span>Vin.Vin City B\u00e9csi Street<\/h2>\n<div class=\"ppb_subtitle\" style=\"color:#ffffff;\">EXCEPTIONAL VIETNAMESE FOOD FOR AFFORDABLE PRICE<\/div>\n<div class=\"page_header_sep left\" style=\"border-color:#ffffff\"><\/div>\n<p>Vin.Vin city a Vietnamese Street food restaurant that aims to provide quality food with exceptional products, at a reasonable price. We as a restaurant are constantly evolving and all of our chefs are from Vietnam to preserve the authenticity of our food. Our award-winning restaurants have a warm yet inviting feel.  This is second Vin.Vin City restaurant opened in August 2020 is very close to Fashion Street another popular touristic location in Budapest. \n<\/div>\n<p><br class=\"clear\"\/><\/div>\n<\/div>\n<\/div>\n<\/div>\n<div  class=\"one\">\n<div id=\"1610140229180426946\" class=\"photo_wall_wrapper shortcode\">\n<div class=\"wall_entry\">\n<div class=\"wall_thumbnail\"><a class=\"fancy-gallery\" href=\"https:\/\/vinvin.hu\/wp-content\/uploads\/2015\/06\/VinVinCity_Becsi_Utca_152.jpg\" title=\"\" ><img src=\"https:\/\/vinvin.hu\/wp-content\/uploads\/2015\/06\/VinVinCity_Becsi_Utca_152-400x400.jpg\" alt=\"\"\/><\/a><\/div>\n<\/div>\n<div class=\"wall_entry\">\n<div class=\"wall_thumbnail\"><a class=\"fancy-gallery\" href=\"https:\/\/vinvin.hu\/wp-content\/uploads\/2015\/06\/VinVinCity_Becsi_Utca_033.jpg\" title=\"\" ><img src=\"https:\/\/vinvin.hu\/wp-content\/uploads\/2015\/06\/VinVinCity_Becsi_Utca_033-400x400.jpg\" alt=\"\"\/><\/a><\/div>\n<\/div>\n<div class=\"wall_entry\">\n<div class=\"wall_thumbnail\"><a class=\"fancy-gallery\" href=\"https:\/\/vinvin.hu\/wp-content\/uploads\/2015\/06\/VinVinCity_Becsi_Utca_140.jpg\" title=\"\" ><img src=\"https:\/\/vinvin.hu\/wp-content\/uploads\/2015\/06\/VinVinCity_Becsi_Utca_140-400x400.jpg\" alt=\"\"\/><\/a><\/div>\n<\/div>\n<div class=\"wall_entry\">\n<div class=\"wall_thumbnail\"><a class=\"fancy-gallery\" href=\"https:\/\/vinvin.hu\/wp-content\/uploads\/2015\/06\/VinVinCity_Becsi_Utca_123.jpg\" title=\"\" ><img src=\"https:\/\/vinvin.hu\/wp-content\/uploads\/2015\/06\/VinVinCity_Becsi_Utca_123-400x400.jpg\" alt=\"\"\/><\/a><\/div>\n<\/div>\n<div class=\"wall_entry\">\n<div class=\"wall_thumbnail\"><a class=\"fancy-gallery\" href=\"https:\/\/vinvin.hu\/wp-content\/uploads\/2015\/06\/VinVinCity_Becsi_Utca_078.jpg\" title=\"\" ><img src=\"https:\/\/vinvin.hu\/wp-content\/uploads\/2015\/06\/VinVinCity_Becsi_Utca_078-400x400.jpg\" alt=\"\"\/><\/a><\/div>\n<\/div>\n<div class=\"wall_entry\">\n<div class=\"wall_thumbnail\"><a class=\"fancy-gallery\" href=\"https:\/\/vinvin.hu\/wp-content\/uploads\/2015\/06\/VinVinCity_Becsi_Utca_043.jpg\" title=\"\" ><img src=\"https:\/\/vinvin.hu\/wp-content\/uploads\/2015\/06\/VinVinCity_Becsi_Utca_043-400x400.jpg\" alt=\"\"\/><\/a><\/div>\n<\/div>\n<div class=\"wall_entry\">\n<div class=\"wall_thumbnail\"><a class=\"fancy-gallery\" href=\"https:\/\/vinvin.hu\/wp-content\/uploads\/2015\/06\/VinVinCity_Becsi_Utca_002.jpg\" title=\"\" ><img src=\"https:\/\/vinvin.hu\/wp-content\/uploads\/2015\/06\/VinVinCity_Becsi_Utca_002-400x400.jpg\" alt=\"\"\/><\/a><\/div>\n<\/div>\n<div class=\"wall_entry\">\n<div class=\"wall_thumbnail\"><a class=\"fancy-gallery\" href=\"https:\/\/vinvin.hu\/wp-content\/uploads\/2015\/06\/VinVin4-44.jpg\" title=\"\" ><img src=\"https:\/\/vinvin.hu\/wp-content\/uploads\/2015\/06\/VinVin4-44-400x400.jpg\" alt=\"\"\/><\/a><\/div>\n<\/div>\n<\/div>\n<\/div>\n<div  class=\"one\" style=\"padding: 70px 0 70px 0 !important;position:relative;padding:40px 0 40px 0;color:#ffffff;\" >\n<div class=\"standard_wrapper\">\n<div>\n<div class=\"inner\">\n<div class=\"parallax_scroll_image\" id=\"map1610140229455177959\" style=\"width:65%;height:600px;float:left;\">\n<div class=\"map-marker\" data-latlng=\"47.5084377,19.0686011\" data-icon=\"https:\/\/vinvin.hu\/wp-content\/uploads\/2020\/11\/30707009_2091669077774169_5099711912342454272_n-e1606598148496.jpg\" ><\/div>\n<\/div>\n<div class=\"one_half last parallax_scroll\" style=\"width:40%;position:absolute;right:90px;background:#25252f;padding:40px;\" data-stellar-ratio=\"1.3\">\n<h2 class=\"ppb_title\" style=\"color:#ffffff;\"><span class=\"ppb_title_first\" style=\"color:#ffffff;\"><\/span>Vin.Vin City Andr\u00e1ssy Avenue<\/h2>\n<div class=\"ppb_subtitle\" style=\"color:#ffffff;\">COZY RESTAURANT IN THE HEART OF BUDAPEST<\/div>\n<div class=\"page_header_sep left\" style=\"border-color:#ffffff\"><\/div>\n<p>Vin.Vin city our first award-winning restaurant opened in April 2016 is located in Andrassy avenue This is one the most famous street in Budapest.\n<\/div>\n<p><br class=\"clear\"\/><\/div>\n<\/div>\n<\/div>\n<\/div>\n<div  class=\"one\">\n<div id=\"16101402291958395237\" class=\"photo_wall_wrapper shortcode\">\n<div class=\"wall_entry\">\n<div class=\"wall_thumbnail\"><a class=\"fancy-gallery\" href=\"https:\/\/vinvin.hu\/wp-content\/uploads\/2020\/12\/IMG_7126-scaled.jpg\" title=\"\" ><img src=\"https:\/\/vinvin.hu\/wp-content\/uploads\/2020\/12\/IMG_7126-400x400.jpg\" alt=\"\"\/><\/a><\/div>\n<\/div>\n<div class=\"wall_entry\">\n<div class=\"wall_thumbnail\"><a class=\"fancy-gallery\" href=\"https:\/\/vinvin.hu\/wp-content\/uploads\/2020\/12\/VinVin_valog_01_0004-1-scaled.jpg\" title=\"\" ><img src=\"https:\/\/vinvin.hu\/wp-content\/uploads\/2020\/12\/VinVin_valog_01_0004-1-400x400.jpg\" alt=\"\"\/><\/a><\/div>\n<\/div>\n<div class=\"wall_entry\">\n<div class=\"wall_thumbnail\"><a class=\"fancy-gallery\" href=\"https:\/\/vinvin.hu\/wp-content\/uploads\/2020\/12\/IMG_7144-scaled.jpg\" title=\"\" ><img src=\"https:\/\/vinvin.hu\/wp-content\/uploads\/2020\/12\/IMG_7144-400x400.jpg\" alt=\"\"\/><\/a><\/div>\n<\/div>\n<div class=\"wall_entry\">\n<div class=\"wall_thumbnail\"><a class=\"fancy-gallery\" href=\"https:\/\/vinvin.hu\/wp-content\/uploads\/2020\/12\/IMG_7186-scaled.jpg\" title=\"\" ><img src=\"https:\/\/vinvin.hu\/wp-content\/uploads\/2020\/12\/IMG_7186-400x400.jpg\" alt=\"\"\/><\/a><\/div>\n<\/div>\n<div class=\"wall_entry\">\n<div class=\"wall_thumbnail\"><a class=\"fancy-gallery\" href=\"https:\/\/vinvin.hu\/wp-content\/uploads\/2020\/12\/IMG_7150-scaled.jpg\" title=\"\" ><img src=\"https:\/\/vinvin.hu\/wp-content\/uploads\/2020\/12\/IMG_7150-400x400.jpg\" alt=\"\"\/><\/a><\/div>\n<\/div>\n<div class=\"wall_entry\">\n<div class=\"wall_thumbnail\"><a class=\"fancy-gallery\" href=\"https:\/\/vinvin.hu\/wp-content\/uploads\/2020\/12\/IMG_7169-scaled.jpg\" title=\"\" ><img src=\"https:\/\/vinvin.hu\/wp-content\/uploads\/2020\/12\/IMG_7169-400x400.jpg\" alt=\"\"\/><\/a><\/div>\n<\/div>\n<div class=\"wall_entry\">\n<div class=\"wall_thumbnail\"><a class=\"fancy-gallery\" href=\"https:\/\/vinvin.hu\/wp-content\/uploads\/2020\/12\/IMG_7210-scaled.jpg\" title=\"\" ><img src=\"https:\/\/vinvin.hu\/wp-content\/uploads\/2020\/12\/IMG_7210-400x400.jpg\" alt=\"\"\/><\/a><\/div>\n<\/div>\n<div class=\"wall_entry\">\n<div class=\"wall_thumbnail\"><a class=\"fancy-gallery\" href=\"https:\/\/vinvin.hu\/wp-content\/uploads\/2020\/12\/IMG_7186-scaled.jpg\" title=\"\" ><img src=\"https:\/\/vinvin.hu\/wp-content\/uploads\/2020\/12\/IMG_7186-400x400.jpg\" alt=\"\"\/><\/a><\/div>\n<\/div>\n<\/div>\n<\/div>\n<div  class=\"one\" style=\"padding: 0 0 70px 0 !important;position:relative;padding:40px 0 40px 0;color:#ffffff;\" >\n<div class=\"standard_wrapper\">\n<div>\n<div class=\"inner\">\n<div class=\"parallax_scroll\" style=\"width:40%;position:absolute;left:90px;background:#69bf4a;padding:40px;z-index:2;block !important;\" data-stellar-ratio=\"1.3\">\n<h2 class=\"ppb_title\" style=\"color:#ffffff;\"><span class=\"ppb_title_first\" style=\"color:#ffffff;\"><\/span>Vin.Vin Express V\u00e1ci Avenue<\/h2>\n<div class=\"ppb_subtitle\" style=\"color:#ffffff;\"> TRY OUR MODERN, HEALTHY AND AFFORDABLE VIETNAMESE FOOD<\/div>\n<div class=\"page_header_sep left\" style=\"border-color:#ffffff\"><\/div>\n<p>Our Vin.Vin express restaurants are located near office buildings. Our goal was to serve those who want to jump in for a quick and healthy and super affordable and tasty Vietnamese meal. Our self-service dine-in restaurants generally have a cleaner modern look but also a welcoming feel. Our headquarter is currently based at this location on V\u00e1ci avenue.<\/p><\/div>\n<div class=\"parallax_scroll_image last\" id=\"map16101402291037569689\" style=\"width:65%;height:500px;float:right;\">\n<div class=\"map-marker\" data-latlng=\"47.5376242,19.0671248\" data-icon=\"https:\/\/vinvin.hu\/wp-content\/uploads\/2020\/11\/attach-e1606836198515.png\" ><\/div>\n<\/div>\n<p><br class=\"clear\"\/><\/div>\n<\/div>\n<\/div>\n<\/div>\n<div  class=\"one\">\n<div id=\"16101402291356310124\" class=\"photo_wall_wrapper shortcode\">\n<div class=\"wall_entry\">\n<div class=\"wall_thumbnail\"><a class=\"fancy-gallery\" href=\"https:\/\/vinvin.hu\/wp-content\/uploads\/2020\/12\/VinVinOpen3-scaled.jpg\" title=\"\" ><img src=\"https:\/\/vinvin.hu\/wp-content\/uploads\/2020\/12\/VinVinOpen3-400x400.jpg\" alt=\"\"\/><\/a><\/div>\n<\/div>\n<div class=\"wall_entry\">\n<div class=\"wall_thumbnail\"><a class=\"fancy-gallery\" href=\"https:\/\/vinvin.hu\/wp-content\/uploads\/2020\/12\/VinVinOpen52-scaled.jpg\" title=\"\" ><img src=\"https:\/\/vinvin.hu\/wp-content\/uploads\/2020\/12\/VinVinOpen52-400x400.jpg\" alt=\"\"\/><\/a><\/div>\n<\/div>\n<div class=\"wall_entry\">\n<div class=\"wall_thumbnail\"><a class=\"fancy-gallery\" href=\"https:\/\/vinvin.hu\/wp-content\/uploads\/2020\/12\/VinVinOpen19-scaled.jpg\" title=\"\" ><img src=\"https:\/\/vinvin.hu\/wp-content\/uploads\/2020\/12\/VinVinOpen19-400x400.jpg\" alt=\"\"\/><\/a><\/div>\n<\/div>\n<div class=\"wall_entry\">\n<div class=\"wall_thumbnail\"><a class=\"fancy-gallery\" href=\"https:\/\/vinvin.hu\/wp-content\/uploads\/2020\/12\/VinVinOpen14-scaled.jpg\" title=\"\" ><img src=\"https:\/\/vinvin.hu\/wp-content\/uploads\/2020\/12\/VinVinOpen14-400x400.jpg\" alt=\"\"\/><\/a><\/div>\n<\/div>\n<div class=\"wall_entry\">\n<div class=\"wall_thumbnail\"><a class=\"fancy-gallery\" href=\"https:\/\/vinvin.hu\/wp-content\/uploads\/2020\/12\/VinVinOpen17-scaled.jpg\" title=\"\" ><img src=\"https:\/\/vinvin.hu\/wp-content\/uploads\/2020\/12\/VinVinOpen17-400x400.jpg\" alt=\"\"\/><\/a><\/div>\n<\/div>\n<div class=\"wall_entry\">\n<div class=\"wall_thumbnail\"><a class=\"fancy-gallery\" href=\"https:\/\/vinvin.hu\/wp-content\/uploads\/2020\/12\/VinVinOpen18-scaled.jpg\" title=\"\" ><img src=\"https:\/\/vinvin.hu\/wp-content\/uploads\/2020\/12\/VinVinOpen18-400x400.jpg\" alt=\"\"\/><\/a><\/div>\n<\/div>\n<div class=\"wall_entry\">\n<div class=\"wall_thumbnail\"><a class=\"fancy-gallery\" href=\"https:\/\/vinvin.hu\/wp-content\/uploads\/2020\/12\/VinVinOpen4-scaled.jpg\" title=\"\" ><img src=\"https:\/\/vinvin.hu\/wp-content\/uploads\/2020\/12\/VinVinOpen4-400x400.jpg\" alt=\"\"\/><\/a><\/div>\n<\/div>\n<div class=\"wall_entry\">\n<div class=\"wall_thumbnail\"><a class=\"fancy-gallery\" href=\"https:\/\/vinvin.hu\/wp-content\/uploads\/2020\/12\/VinVinOpen20-scaled.jpg\" title=\"\" ><img src=\"https:\/\/vinvin.hu\/wp-content\/uploads\/2020\/12\/VinVinOpen20-400x400.jpg\" alt=\"\"\/><\/a><\/div>\n<\/div>\n<\/div>\n<\/div>\n<div  class=\"one\" style=\"padding: 0 0 70px 0 !important;position:relative;padding:40px 0 40px 0;color:#ffffff;\" >\n<div class=\"standard_wrapper\">\n<div>\n<div class=\"inner\">\n<div class=\"parallax_scroll\" style=\"width:40%;position:absolute;left:90px;background:#69bf4a;padding:40px;z-index:2;block !important;\" data-stellar-ratio=\"1.3\">\n<h2 class=\"ppb_title\" style=\"color:#ffffff;\"><span class=\"ppb_title_first\" style=\"color:#ffffff;\"><\/span>Vin.Vin Express Dunavir\u00e1g Street<\/h2>\n<div class=\"ppb_subtitle\" style=\"color:#ffffff;\"> SERVING HUNDREDS OF OFFICE WORKERS EVERY DAY!<\/div>\n<div class=\"page_header_sep left\" style=\"border-color:#ffffff\"><\/div>\n<p>Our very first Vin.Vin express restaurant, opened 2016, located near Duna Tower still to this day welcomes hundreds of office workers around the area every day. <\/p><\/div>\n<div class=\"parallax_scroll_image last\" id=\"map16101402292085877187\" style=\"width:65%;height:500px;float:right;\">\n<div class=\"map-marker\" data-latlng=\"47.5346983,19.062652\" data-icon=\"https:\/\/vinvin.hu\/wp-content\/uploads\/2020\/11\/attach-e1606836198515.png\" ><\/div>\n<\/div>\n<p><br class=\"clear\"\/><\/div>\n<\/div>\n<\/div>\n<\/div>\n<div  class=\"one\">\n<div id=\"1610140229534551718\" class=\"photo_wall_wrapper shortcode\">\n<div class=\"wall_entry\">\n<div class=\"wall_thumbnail\"><a class=\"fancy-gallery\" href=\"https:\/\/vinvin.hu\/wp-content\/uploads\/2020\/12\/TCT3932.jpg\" title=\"\" ><img src=\"https:\/\/vinvin.hu\/wp-content\/uploads\/2020\/12\/TCT3932-400x400.jpg\" alt=\"\"\/><\/a><\/div>\n<\/div>\n<div class=\"wall_entry\">\n<div class=\"wall_thumbnail\"><a class=\"fancy-gallery\" href=\"https:\/\/vinvin.hu\/wp-content\/uploads\/2020\/12\/TCT4193.jpg\" title=\"\" ><img src=\"https:\/\/vinvin.hu\/wp-content\/uploads\/2020\/12\/TCT4193-400x400.jpg\" alt=\"\"\/><\/a><\/div>\n<\/div>\n<div class=\"wall_entry\">\n<div class=\"wall_thumbnail\"><a class=\"fancy-gallery\" href=\"https:\/\/vinvin.hu\/wp-content\/uploads\/2020\/12\/TCT3933.jpg\" title=\"\" ><img src=\"https:\/\/vinvin.hu\/wp-content\/uploads\/2020\/12\/TCT3933-400x400.jpg\" alt=\"\"\/><\/a><\/div>\n<\/div>\n<div class=\"wall_entry\">\n<div class=\"wall_thumbnail\"><a class=\"fancy-gallery\" href=\"https:\/\/vinvin.hu\/wp-content\/uploads\/2020\/12\/TCT3961.jpg\" title=\"\" ><img src=\"https:\/\/vinvin.hu\/wp-content\/uploads\/2020\/12\/TCT3961-400x400.jpg\" alt=\"\"\/><\/a><\/div>\n<\/div>\n<div class=\"wall_entry\">\n<div class=\"wall_thumbnail\"><a class=\"fancy-gallery\" href=\"https:\/\/vinvin.hu\/wp-content\/uploads\/2020\/12\/TCT3937.jpg\" title=\"\" ><img src=\"https:\/\/vinvin.hu\/wp-content\/uploads\/2020\/12\/TCT3937-400x400.jpg\" alt=\"\"\/><\/a><\/div>\n<\/div>\n<div class=\"wall_entry\">\n<div class=\"wall_thumbnail\"><a class=\"fancy-gallery\" href=\"https:\/\/vinvin.hu\/wp-content\/uploads\/2020\/12\/TCT3960.jpg\" title=\"\" ><img src=\"https:\/\/vinvin.hu\/wp-content\/uploads\/2020\/12\/TCT3960-400x400.jpg\" alt=\"\"\/><\/a><\/div>\n<\/div>\n<div class=\"wall_entry\">\n<div class=\"wall_thumbnail\"><a class=\"fancy-gallery\" href=\"https:\/\/vinvin.hu\/wp-content\/uploads\/2020\/12\/TCT3942.jpg\" title=\"\" ><img src=\"https:\/\/vinvin.hu\/wp-content\/uploads\/2020\/12\/TCT3942-400x400.jpg\" alt=\"\"\/><\/a><\/div>\n<\/div>\n<div class=\"wall_entry\">\n<div class=\"wall_thumbnail\"><a class=\"fancy-gallery\" href=\"https:\/\/vinvin.hu\/wp-content\/uploads\/2020\/12\/TCT4202.jpg\" title=\"\" ><img src=\"https:\/\/vinvin.hu\/wp-content\/uploads\/2020\/12\/TCT4202-400x400.jpg\" alt=\"\"\/><\/a><\/div>\n<\/div>\n<\/div>\n<\/div>","protected":false},"excerpt":{"rendered":"<p>Vin.Vin City B\u00e9csi Street EXCEPTIONAL VIETNAMESE FOOD FOR AFFORDABLE PRICE Vin.Vin city a Vietnamese Street food restaurant that aims to provide quality food with exceptional products, at a reasonable price. We as a restaurant are constantly evolving and all of [&hellip;]<\/p>","protected":false},"author":1,"featured_media":2879,"parent":0,"menu_order":0,"comment_status":"open","ping_status":"open","template":"","meta":[],"yoast_head":"<!-- This site is optimized with the Yoast SEO plugin v15.9 - https:\/\/yoast.com\/wordpress\/plugins\/seo\/ -->\n<title>Vin.Vin | \u00c9ttermeink<\/title>\n<meta name=\"description\" content=\"Vin.Vin City \u00e9ttermeink az Andr\u00e1ssy \u00faton \u00e9s a Budapest sz\u00edv\u00e9ben a B\u00e9csi utc\u00e1ban tal\u00e1lhat\u00f3ak. Vin.Vin express \u00e9ttermeink a V\u00e1ci \u00faton \u00e9s a Dunavir\u00e1g utc\u00e1ban.\" \/>\n<meta name=\"robots\" content=\"index, follow, max-snippet:-1, max-image-preview:large, max-video-preview:-1\" \/>\n<link rel=\"canonical\" href=\"https:\/\/vinvin.hu\/en\/ettermeink\/\" \/>\n<meta property=\"og:locale\" content=\"en_US\" \/>\n<meta property=\"og:type\" content=\"article\" \/>\n<meta property=\"og:title\" content=\"Vin.Vin | \u00c9ttermeink\" \/>\n<meta property=\"og:description\" content=\"Vin.Vin City \u00e9ttermeink az Andr\u00e1ssy \u00faton \u00e9s a Budapest sz\u00edv\u00e9ben a B\u00e9csi utc\u00e1ban tal\u00e1lhat\u00f3ak. Vin.Vin express \u00e9ttermeink a V\u00e1ci \u00faton \u00e9s a Dunavir\u00e1g utc\u00e1ban.\" \/>\n<meta property=\"og:url\" content=\"https:\/\/vinvin.hu\/en\/ettermeink\/\" \/>\n<meta property=\"og:site_name\" content=\"Vin.Vin\" \/>\n<meta property=\"article:publisher\" content=\"https:\/\/www.facebook.com\/Vin.Vin.City.etterem\" \/>\n<meta property=\"article:modified_time\" content=\"2021-01-08T21:10:29+00:00\" \/>\n<meta property=\"og:image\" content=\"https:\/\/vinvin.hu\/wp-content\/uploads\/2015\/05\/burggraaf_charity-cocktail-sexauer_poms-1.jpg\" \/>\n\t<meta property=\"og:image:width\" content=\"1229\" \/>\n\t<meta property=\"og:image:height\" content=\"819\" \/>\n<meta name=\"twitter:card\" content=\"summary_large_image\" \/>\n<meta name=\"twitter:label1\" content=\"Est. reading time\">\n\t<meta name=\"twitter:data1\" content=\"1 minute\">\n<script type=\"application\/ld+json\" class=\"yoast-schema-graph\">{\"@context\":\"https:\/\/schema.org\",\"@graph\":[{\"@type\":\"Organization\",\"@id\":\"https:\/\/vinvin.hu\/en\/#organization\",\"name\":\"Vin.Vin\",\"url\":\"https:\/\/vinvin.hu\/en\/\",\"sameAs\":[\"https:\/\/www.facebook.com\/Vin.Vin.City.etterem\",\"https:\/\/www.instagram.com\/vin.vin.city\/\"],\"logo\":{\"@type\":\"ImageObject\",\"@id\":\"https:\/\/vinvin.hu\/en\/#logo\",\"inLanguage\":\"en-US\",\"url\":\"https:\/\/vinvin.hu\/wp-content\/uploads\/2020\/12\/VIN-VIN-LOGO-BLACK.png\",\"width\":842,\"height\":596,\"caption\":\"Vin.Vin\"},\"image\":{\"@id\":\"https:\/\/vinvin.hu\/en\/#logo\"}},{\"@type\":\"WebSite\",\"@id\":\"https:\/\/vinvin.hu\/en\/#website\",\"url\":\"https:\/\/vinvin.hu\/en\/\",\"name\":\"Vin.Vin\",\"description\":\"Vietnamese Street Food\",\"publisher\":{\"@id\":\"https:\/\/vinvin.hu\/en\/#organization\"},\"potentialAction\":[{\"@type\":\"SearchAction\",\"target\":\"https:\/\/vinvin.hu\/en\/?s={search_term_string}\",\"query-input\":\"required name=search_term_string\"}],\"inLanguage\":\"en-US\"},{\"@type\":\"ImageObject\",\"@id\":\"https:\/\/vinvin.hu\/ettermeink\/#primaryimage\",\"inLanguage\":\"en-US\",\"url\":\"https:\/\/vinvin.hu\/wp-content\/uploads\/2015\/05\/burggraaf_charity-cocktail-sexauer_poms-1.jpg\",\"width\":1229,\"height\":819},{\"@type\":\"WebPage\",\"@id\":\"https:\/\/vinvin.hu\/ettermeink\/#webpage\",\"url\":\"https:\/\/vinvin.hu\/ettermeink\/\",\"name\":\"Vin.Vin | \\u00c9ttermeink\",\"isPartOf\":{\"@id\":\"https:\/\/vinvin.hu\/en\/#website\"},\"primaryImageOfPage\":{\"@id\":\"https:\/\/vinvin.hu\/ettermeink\/#primaryimage\"},\"datePublished\":\"2015-06-04T12:50:58+00:00\",\"dateModified\":\"2021-01-08T21:10:29+00:00\",\"description\":\"Vin.Vin City \\u00e9ttermeink az Andr\\u00e1ssy \\u00faton \\u00e9s a Budapest sz\\u00edv\\u00e9ben a B\\u00e9csi utc\\u00e1ban tal\\u00e1lhat\\u00f3ak. Vin.Vin express \\u00e9ttermeink a V\\u00e1ci \\u00faton \\u00e9s a Dunavir\\u00e1g utc\\u00e1ban.\",\"breadcrumb\":{\"@id\":\"https:\/\/vinvin.hu\/ettermeink\/#breadcrumb\"},\"inLanguage\":\"en-US\",\"potentialAction\":[{\"@type\":\"ReadAction\",\"target\":[\"https:\/\/vinvin.hu\/ettermeink\/\"]}]},{\"@type\":\"BreadcrumbList\",\"@id\":\"https:\/\/vinvin.hu\/ettermeink\/#breadcrumb\",\"itemListElement\":[{\"@type\":\"ListItem\",\"position\":1,\"item\":{\"@type\":\"WebPage\",\"@id\":\"https:\/\/vinvin.hu\/\",\"url\":\"https:\/\/vinvin.hu\/\",\"name\":\"Home\"}},{\"@type\":\"ListItem\",\"position\":2,\"item\":{\"@type\":\"WebPage\",\"@id\":\"https:\/\/vinvin.hu\/ettermeink\/\",\"url\":\"https:\/\/vinvin.hu\/ettermeink\/\",\"name\":\"Restaurant Contact Maps\"}}]}]}<\/script>\n<!-- \/ Yoast SEO plugin. -->","_links":{"self":[{"href":"https:\/\/vinvin.hu\/en\/wp-json\/wp\/v2\/pages\/3448"}],"collection":[{"href":"https:\/\/vinvin.hu\/en\/wp-json\/wp\/v2\/pages"}],"about":[{"href":"https:\/\/vinvin.hu\/en\/wp-json\/wp\/v2\/types\/page"}],"author":[{"embeddable":true,"href":"https:\/\/vinvin.hu\/en\/wp-json\/wp\/v2\/users\/1"}],"replies":[{"embeddable":true,"href":"https:\/\/vinvin.hu\/en\/wp-json\/wp\/v2\/comments?post=3448"}],"version-history":[{"count":47,"href":"https:\/\/vinvin.hu\/en\/wp-json\/wp\/v2\/pages\/3448\/revisions"}],"predecessor-version":[{"id":5611,"href":"https:\/\/vinvin.hu\/en\/wp-json\/wp\/v2\/pages\/3448\/revisions\/5611"}],"wp:featuredmedia":[{"embeddable":true,"href":"https:\/\/vinvin.hu\/en\/wp-json\/wp\/v2\/media\/2879"}],"wp:attachment":[{"href":"https:\/\/vinvin.hu\/en\/wp-json\/wp\/v2\/media?parent=3448"}],"curies":[{"name":"wp","href":"https:\/\/api.w.org\/{rel}","templated":true}]}}