{"id":3620,"date":"2015-06-08T04:55:18","date_gmt":"2015-06-08T04:55:18","guid":{"rendered":"http:\/\/themes.themegoods.com\/grandrestaurant\/demo1\/?page_id=3620"},"modified":"2026-01-16T19:20:59","modified_gmt":"2026-01-16T19:20:59","slug":"about-us","status":"publish","type":"page","link":"https:\/\/vinvin.hu\/en\/about-us\/","title":{"rendered":"About Us"},"content":{"rendered":"<div  class=\"one fullwidth\"><\/div>\n<div  class=\"one ppb_card_two_cols_with_image\" style=\"position:relative;padding:50px 0 50px 0;\" >\n<div class=\"standard_wrapper\">\n<div class=\"page_content_wrapper\">\n<div class=\"inner\">\n<div class=\"one_half parallax_scroll_image\" style=\"width:60%;\">\n<div class=\"image_classic_frame expand\">\n<div class=\"image_wrapper\"><a href=\"https:\/\/vinvin.hu\/wp-content\/uploads\/2020\/11\/gridoption2.png\" class=\"img_frame\"><img src=\"https:\/\/vinvin.hu\/wp-content\/uploads\/2020\/11\/gridoption2.png\" class=\"portfolio_img\" alt=\"\"\/><\/a><\/div>\n<\/div>\n<\/div>\n<div class=\"one_half last parallax_scroll\" style=\"width:50%;position:absolute;right:90px;padding:50px;background:#ffffff;\" data-stellar-ratio=\"1.3\">\n<h2 class=\"ppb_title_first\">Our PHILOSOPHY<\/h2>\n<p>We would like to make Vietnamese flavors more popular as Vietnamese cuisine has a perfectly balanced flavor. It is one of the healthiest cuisines in the world. In all of our Vin.Vin restaurants we thrive to make delicious food in a pleasant atmosphere for reasonable prices.<br \/>\n<span class=\"signature_owner\">Nguyen Tien Sy<\/span>\n<\/div>\n<p><br class=\"clear\"\/><\/div>\n<\/div>\n<\/div>\n<\/div>\n<div  class=\"one ppb_card_two_cols_with_image\" style=\"position:relative;padding:60px 0 60px 0;\" >\n<div class=\"standard_wrapper\">\n<div class=\"page_content_wrapper\">\n<div class=\"inner\">\n<div class=\"one_half parallax_scroll\" style=\"width:55%;position:absolute;left:90px;padding:60px;z-index:2;block !important;background:#ffffff;\" data-stellar-ratio=\"1.3\">\n<h2 class=\"ppb_title_first\">Our STORY<\/h2>\n<h3 class=\"ppb_subtitle\">EXCEPTIONAL VIETNAMESE FOOD FOR AFFORDABLE PRICE<\/h3>\n<p>Simi (Nguyen Tien Sy) az \u00e9tterem alap\u00edt\u00f3ja 1986-ban \u00e9rkezett Magyarorsz\u00e1gra de m\u00e1r 6 \u00e9ves kora \u00f3ta f\u0151z. \u00c9rkez\u00e9sekor magyar bar\u00e1toknak f\u0151z\u00f6tt akiknek nagyon \u00edzlett a vietn\u00e1mi konyha. V\u00e9g\u00fcl fia Tangi ( Nguyen Tien Thang) javaslat\u00e1ra 2016-ban nyitotta meg els\u0151 Vin.Vin express \u00e9tterm\u00fcket a XIII. Ker\u00fcletben a Dunavir\u00e1g utc\u00e1ban. A Vin.Vin Express \u00e9ttermei \u00f6nkiszolg\u00e1l\u00f3 eb\u00e9dl\u0151k amik a k\u00f6zelben dolgoz\u00f3kat c\u00e9lozz\u00e1k. V\u00e9g\u00fcl a vend\u00e9gek k\u00e9r\u00e9s\u00e9re 2018 \u00e1prilis\u00e1ban ny\u00edlt meg a Vin.Vin city els\u0151 \u00e9tterme amely a belv\u00e1rosra fokusz\u00e1l, modern, trendi k\u00f6rnyezetben, ahova b\u00e1rki bar\u00e1tokkal \u00e9s csal\u00e1ddal is be\u00fclhet. Jelenleg \u00f6sszesen 5 \u00e9tterm\u00fck van Budapesten, de j\u00f6v\u0151ben  szeretn\u00e9k b\u0151v\u00edteni \u00e9tterem l\u00e1ncukat.<\/p><\/div>\n<div class=\"one_half parallax_scroll_image last\" style=\"width:60%;\">\n<div class=\"image_classic_frame expand\">\n<div class=\"image_wrapper\"><img src=\"https:\/\/vinvin.hu\/wp-content\/uploads\/2020\/12\/VinVin_valog_01_0132-scaled.jpg\" class=\"portfolio_img\" alt=\"\"\/><\/div>\n<\/div>\n<\/div>\n<p><br class=\"clear\"\/><\/div>\n<\/div>\n<\/div>\n<\/div>\n<div class=\"divider one\">&nbsp;<\/div>\n<div  class=\"one withsmallpadding withbg\" style=\"color:#000000;background-image:url(http:\/\/themes.themegoods.com\/grandrestaurant\/demo1\/wp-content\/uploads\/2015\/05\/stacks_image_2681.jpg);background-size:cover; \" >\n<div class=\"standard_wrapper\">\n<div class=\"page_content_wrapper\" style=\"text-align:center\">\n<div class=\"inner\">\n<div class=\"testimonial_slider_wrapper\">\n<div class=\"flexslider\" data-height=\"750\">\n<ul class=\"slides\">\n<li>\n<div class=\"testimonial_slider_wrapper\">\n<div class=\"testimonial_stars\"><i class=\"fa fa-star\"><\/i><i class=\"fa fa-star\"><\/i><i class=\"fa fa-star\"><\/i><i class=\"fa fa-star\"><\/i><i class=\"fa fa-star\"><\/i><\/div>\n<p>&#8220;A Vin.Vin City egyik legnagyobb er\u00e9nye, hogy igaz\u00e1n el\u00e9rhet\u0151 \u00e1rakkal dolgoznak&#8221;<\/p>\n<div class=\"testimonial_slider_meta\">\n<div class=\"testimonial_image animated\" data-animation=\"bigEntrance\"><img class=\"team_pic\" src=\"https:\/\/vinvin.hu\/wp-content\/uploads\/2014\/06\/welovebudapest-625x625logo-150x150.jpg\" alt=\"WeLoveBudapest\"\/><\/div>\n<p><span class=\"post_detail\" style=\"color:#000000\">WeLoveBudapest<\/span><\/div>\n<\/div>\n<\/li>\n<li>\n<div class=\"testimonial_slider_wrapper\">\n<div class=\"testimonial_stars\"><i class=\"fa fa-star\"><\/i><i class=\"fa fa-star\"><\/i><i class=\"fa fa-star\"><\/i><i class=\"fa fa-star\"><\/i><i class=\"fa fa-star\"><\/i><\/div>\n<p>&#8220;Friss alapanyagok, gondosan elk\u00e9sz\u00edtve&#8221;<\/p>\n<div class=\"testimonial_slider_meta\">\n<div class=\"testimonial_image animated\" data-animation=\"bigEntrance\"><img class=\"team_pic\" src=\"https:\/\/vinvin.hu\/wp-content\/uploads\/2014\/06\/175x175bb-150x150.jpg\" alt=\"Szeretlek Magyarorsz\u00e1g\"\/><\/div>\n<p><span class=\"post_detail\" style=\"color:#000000\">Szeretlek Magyarorsz\u00e1g<\/span><\/div>\n<\/div>\n<\/li>\n<\/ul>\n<\/div>\n<\/div>\n<\/div>\n<\/div>\n<\/div>\n<\/div>\n<div  class=\"one withsmallpadding ppb_header\" style=\"padding-bottom: 0 !important;text-align:center;padding:30px 0 30px 0;\" >\n<div class=\"standard_wrapper\">\n<div class=\"page_content_wrapper\">\n<div class=\"inner\">\n<div style=\"margin:auto;width:50%;\">\n<h2 class=\"ppb_title_first\">VIN VIN CITY<\/h2>\n<\/div>\n<\/div>\n<\/div>\n<\/div>\n<div class=\"standard_wrapper\">\n<div  class=\"one_third withsmallpadding ppb_text\" style=\"padding:30px 0 30px 0;\" >\n<div class=\"standard_wrapper\">\n<div class=\"page_content_wrapper\">\n<div class=\"inner\">\n<div style=\"margin:auto;width:100%\">\n<p><strong>VIN.VIN CITY ANDR\u00c1SSY \u00daT<\/strong><br \/>\nAndr\u00e1ssy \u00fat 79 <br \/>1062 Budapest, Hungary<\/p>\n<p>+36 30 223 4222<br \/>\n<a href=\"https:\/\/www.google.com\/maps\/place\/Vin.Vin+City+Andr\u00e1ssy+\u00fat\/@47.5084453,19.0685894,17z\/data=!3m1!4b1!4m6!3m5!1s0x4741ddab4c1e4137:0x9436c40ce2e2cc72!8m2!3d47.5084453!4d19.0685894!16s%2Fg%2F11f5nlk1q2?entry=ttu\"><\/i>\u00a0Get Directions<\/a><\/p>\n<\/div>\n<\/div>\n<\/div>\n<\/div>\n<\/div>\n<\/div>\n<div class=\"standard_wrapper\">\n<div  class=\"one_third withsmallpadding ppb_text\" style=\"padding:30px 0 30px 0;\" >\n<div class=\"standard_wrapper\">\n<div class=\"page_content_wrapper\">\n<div class=\"inner\">\n<div style=\"margin:auto;width:100%\">\n<p><strong>VIN.VIN CITY BART\u00d3K B\u00c9LA \u00daT<\/strong><br \/>\nBart\u00f3k B\u00e9la \u00fat 41 <br \/>1114 Budapest, Hungary<\/p>\n<p>+36 30 323 8620<br \/>\n<a href=\"https:\/\/www.google.com\/maps\/place\/Vin.Vin+Bartok+Boulevard\/@47.4787766,19.039001,15z\/data=!3m1!4b1!4m6!3m5!1s0x4741dd8cca97dff9:0xd1c91b78c762ef4a!8m2!3d47.4787626!4d19.0493007!16s%2Fg%2F11rvbvbkm4?entry=ttu\"><i class=\"fa fa-map-marker\"><\/i>\u00a0Get Directions<\/a><\/p>\n<\/div>\n<\/div>\n<\/div>\n<\/div>\n<\/div>\n<\/div>\n<div class=\"standard_wrapper\">\n<div  class=\"one_third last withsmallpadding ppb_text\" style=\"padding:30px 0 30px 0;\" >\n<div class=\"standard_wrapper\">\n<div class=\"page_content_wrapper\">\n<div class=\"inner\">\n<div style=\"margin:auto;width:100%\">\n<p><strong>VIN.VIN CITY F\u0150 UTCA<\/strong><br \/>\nF\u0151 utca 71 <br \/>1027 Budapest, Hungary<\/p>\n<p>+36 30 395 4694<br \/>\n<a href=\"https:\/\/www.google.com\/maps\/place\/Vin.Vin+City+F\u0151+utca\/@47.50982,19.0358976,17z\/data=!3m1!4b1!4m6!3m5!1s0x4741ddd4d9861269:0x3f5850c28eb3a00f!8m2!3d47.5098164!4d19.0384725!16s%2Fg%2F11vst55fzd?entry=ttu\"><i class=\"fa fa-map-marker\"><\/i>\u00a0Get Directions<\/a><\/p>\n<\/div>\n<\/div>\n<\/div>\n<\/div>\n<\/div>\n<\/div>\n<div  class=\"one withsmallpadding ppb_header\" style=\"padding-bottom: 0 !important;text-align:center;padding:30px 0 30px 0;\" >\n<div class=\"standard_wrapper\">\n<div class=\"page_content_wrapper\">\n<div class=\"inner\">\n<div style=\"margin:auto;width:50%;\">\n<h2 class=\"ppb_title_first\">VIN VIN EXPRESS<\/h2>\n<\/div>\n<\/div>\n<\/div>\n<\/div>\n<div class=\"standard_wrapper\">\n<div  class=\"one_third withsmallpadding ppb_text\" style=\"padding:30px 0 30px 0;\" >\n<div class=\"standard_wrapper\">\n<div class=\"page_content_wrapper\">\n<div class=\"inner\">\n<div style=\"margin:auto;width:100%\">\n<p><strong>VIN.VIN EXPRESS V\u00c1CI \u00daT<\/strong><br \/>\nV\u00e1ci \u00fat 91<br \/>1139 Budapest, Hungary<\/p>\n<p>+36 30 644 7366<br \/>\n<a href=\"https:\/\/www.google.com\/maps\/place\/Vin.Vin+Express+V\u00e1ci+\u00fat\/@47.5068884,19.0239257,13z\/data=!4m9!1m2!2m1!1svinvin+v\u00e1ci!3m5!1s0x4741dbba61624cb3:0x964e85a394def376!8m2!3d47.5373131!4d19.0694269!15sCgx2aW52aW4gdsOhY2laDiIMdmludmluIHbDoWNpkgEVdmlldG5hbWVzZV9yZXN0YXVyYW50\"><\/i>\u00a0Get Directions<\/a><\/p>\n<\/div>\n<\/div>\n<\/div>\n<\/div>\n<\/div>\n<\/div>\n<div class=\"standard_wrapper\">\n<div  class=\"one_third withsmallpadding ppb_text\" style=\"padding:30px 0 30px 0;\" >\n<div class=\"standard_wrapper\">\n<div class=\"page_content_wrapper\">\n<div class=\"inner\">\n<div style=\"margin:auto;width:100%\">\n<p><strong>VIN.VIN EXPRESS WESTEND<\/strong><br \/>\nV\u00e1ci \u00fat 1-3<br \/>\n1062 Budapest, Hungary<\/p>\n<p>+36 30 126 6935<br \/>\n<a href=\"https:\/\/maps.app.goo.gl\/fJnVdG36B54TcmCT7\"><\/i>\u00a0Get Directions<\/a><\/p>\n<\/div>\n<\/div>\n<\/div>\n<\/div>\n<\/div>\n<\/div>\n<div class=\"standard_wrapper\">\n<div  class=\"one_third last withsmallpadding ppb_text\" style=\"padding:30px 0 30px 0;\" >\n<div class=\"standard_wrapper\">\n<div class=\"page_content_wrapper\">\n<div class=\"inner\">\n<div style=\"margin:auto;width:100%\">\n<p><strong>VIN.VIN EXPRESS DUNAVIR\u00c1G UTCA<\/strong><br \/>\nDunavir\u00e1g utca 6<br \/>1138 Budapest, Hungary<\/p>\n<p>+36 30 234 8400<br \/>\n<a href=\"https:\/\/www.google.com\/maps\/place\/Vin.Vin+Express+Dunavir\u00e1g+utca\/@47.5068884,19.0239257,13z\/data=!4m9!1m2!2m1!1svinvin+v\u00e1ci!3m5!1s0x4741dbe892eeceb5:0x1602662866b8914b!8m2!3d47.5346983!4d19.062652!15sCgx2aW52aW4gdsOhY2laDiIMdmludmluIHbDoWNpkgEKcmVzdGF1cmFudA\"><\/i>\u00a0Get Directions<\/a><\/p>\n<\/div>\n<\/div>\n<\/div>\n<\/div>\n<\/div>\n<\/div>","protected":false},"excerpt":{"rendered":"<p>FILOZ\u00d3FI\u00c1NK Szeretn\u00e9nk a vietn\u00e1mi \u00edzeket n\u00e9pszer\u0171s\u00edteni Magyarorsz\u00e1gon, hiszen a vietn\u00e1mi konyha kiegyens\u00falyozott \u00edz vil\u00e1g\u00fa. Ugyanakkor a vil\u00e1g egyik legeg\u00e9szs\u00e9gesebb konyh\u00e1ja k\u00f6z\u00e9 tartozik. A Vin.Vin \u00f6sszes \u00e9tterm\u00e9ben \u00edzletes \u00e9teleket k\u00edn\u00e1lunk, sz\u00e9p helyen \u00e9s el\u00e9rhet\u0151 \u00e1ron. Nguyen Tien Sy T\u00d6RT\u00c9NET\u00dcNK KIFOG\u00c1STALAN VIETN\u00c1MI [&hellip;]<\/p>","protected":false},"author":1,"featured_media":4257,"parent":0,"menu_order":0,"comment_status":"open","ping_status":"closed","template":"","meta":[],"yoast_head":"<!-- This site is optimized with the Yoast SEO plugin v15.9 - https:\/\/yoast.com\/wordpress\/plugins\/seo\/ -->\n<title>About Us | Vin.Vin<\/title>\n<meta name=\"description\" content=\"FILOZ\u00d3FI\u00c1NK Szeretn\u00e9nk a vietn\u00e1mi \u00edzeket n\u00e9pszer\u0171s\u00edteni Magyarorsz\u00e1gon, hiszen a vietn\u00e1mi konyha kiegyens\u00falyozott \u00edz vil\u00e1g\u00fa. Ugyanakkor a vil\u00e1g egyik\" \/>\n<meta name=\"robots\" content=\"index, follow, max-snippet:-1, max-image-preview:large, max-video-preview:-1\" \/>\n<link rel=\"canonical\" href=\"https:\/\/vinvin.hu\/en\/about-us\/\" \/>\n<meta property=\"og:locale\" content=\"en_US\" \/>\n<meta property=\"og:type\" content=\"article\" \/>\n<meta property=\"og:title\" content=\"About Us | Vin.Vin\" \/>\n<meta property=\"og:description\" content=\"FILOZ\u00d3FI\u00c1NK Szeretn\u00e9nk a vietn\u00e1mi \u00edzeket n\u00e9pszer\u0171s\u00edteni Magyarorsz\u00e1gon, hiszen a vietn\u00e1mi konyha kiegyens\u00falyozott \u00edz vil\u00e1g\u00fa. Ugyanakkor a vil\u00e1g egyik\" \/>\n<meta property=\"og:url\" content=\"https:\/\/vinvin.hu\/en\/about-us\/\" \/>\n<meta property=\"og:site_name\" content=\"Vin.Vin\" \/>\n<meta property=\"article:publisher\" content=\"https:\/\/www.facebook.com\/Vin.Vin.City.etterem\" \/>\n<meta property=\"article:modified_time\" content=\"2026-01-16T19:20:59+00:00\" \/>\n<meta property=\"og:image\" content=\"https:\/\/vinvin.hu\/wp-content\/uploads\/2020\/11\/VinVin_10-2.jpg\" \/>\n\t<meta property=\"og:image:width\" content=\"1440\" \/>\n\t<meta property=\"og:image:height\" content=\"960\" \/>\n<meta name=\"twitter:card\" content=\"summary_large_image\" \/>\n<meta name=\"twitter:label1\" content=\"Est. reading time\">\n\t<meta name=\"twitter:data1\" content=\"2 minutes\">\n<script type=\"application\/ld+json\" class=\"yoast-schema-graph\">{\"@context\":\"https:\/\/schema.org\",\"@graph\":[{\"@type\":\"Organization\",\"@id\":\"https:\/\/vinvin.hu\/en\/#organization\",\"name\":\"Vin.Vin\",\"url\":\"https:\/\/vinvin.hu\/en\/\",\"sameAs\":[\"https:\/\/www.facebook.com\/Vin.Vin.City.etterem\",\"https:\/\/www.instagram.com\/vin.vin.city\/\"],\"logo\":{\"@type\":\"ImageObject\",\"@id\":\"https:\/\/vinvin.hu\/en\/#logo\",\"inLanguage\":\"en-US\",\"url\":\"https:\/\/vinvin.hu\/wp-content\/uploads\/2020\/12\/VIN-VIN-LOGO-BLACK.png\",\"width\":842,\"height\":596,\"caption\":\"Vin.Vin\"},\"image\":{\"@id\":\"https:\/\/vinvin.hu\/en\/#logo\"}},{\"@type\":\"WebSite\",\"@id\":\"https:\/\/vinvin.hu\/en\/#website\",\"url\":\"https:\/\/vinvin.hu\/en\/\",\"name\":\"Vin.Vin\",\"description\":\"Vietnamese Street Food\",\"publisher\":{\"@id\":\"https:\/\/vinvin.hu\/en\/#organization\"},\"potentialAction\":[{\"@type\":\"SearchAction\",\"target\":\"https:\/\/vinvin.hu\/en\/?s={search_term_string}\",\"query-input\":\"required name=search_term_string\"}],\"inLanguage\":\"en-US\"},{\"@type\":\"ImageObject\",\"@id\":\"https:\/\/vinvin.hu\/about-us\/#primaryimage\",\"inLanguage\":\"en-US\",\"url\":\"https:\/\/vinvin.hu\/wp-content\/uploads\/2020\/11\/VinVin_10-2.jpg\",\"width\":1440,\"height\":960},{\"@type\":\"WebPage\",\"@id\":\"https:\/\/vinvin.hu\/about-us\/#webpage\",\"url\":\"https:\/\/vinvin.hu\/about-us\/\",\"name\":\"About Us | Vin.Vin\",\"isPartOf\":{\"@id\":\"https:\/\/vinvin.hu\/en\/#website\"},\"primaryImageOfPage\":{\"@id\":\"https:\/\/vinvin.hu\/about-us\/#primaryimage\"},\"datePublished\":\"2015-06-08T04:55:18+00:00\",\"dateModified\":\"2026-01-16T19:20:59+00:00\",\"description\":\"FILOZ\\u00d3FI\\u00c1NK Szeretn\\u00e9nk a vietn\\u00e1mi \\u00edzeket n\\u00e9pszer\\u0171s\\u00edteni Magyarorsz\\u00e1gon, hiszen a vietn\\u00e1mi konyha kiegyens\\u00falyozott \\u00edz vil\\u00e1g\\u00fa. Ugyanakkor a vil\\u00e1g egyik\",\"breadcrumb\":{\"@id\":\"https:\/\/vinvin.hu\/about-us\/#breadcrumb\"},\"inLanguage\":\"en-US\",\"potentialAction\":[{\"@type\":\"ReadAction\",\"target\":[\"https:\/\/vinvin.hu\/about-us\/\"]}]},{\"@type\":\"BreadcrumbList\",\"@id\":\"https:\/\/vinvin.hu\/about-us\/#breadcrumb\",\"itemListElement\":[{\"@type\":\"ListItem\",\"position\":1,\"item\":{\"@type\":\"WebPage\",\"@id\":\"https:\/\/vinvin.hu\/\",\"url\":\"https:\/\/vinvin.hu\/\",\"name\":\"Home\"}},{\"@type\":\"ListItem\",\"position\":2,\"item\":{\"@type\":\"WebPage\",\"@id\":\"https:\/\/vinvin.hu\/about-us\/\",\"url\":\"https:\/\/vinvin.hu\/about-us\/\",\"name\":\"About Us\"}}]}]}<\/script>\n<!-- \/ Yoast SEO plugin. -->","_links":{"self":[{"href":"https:\/\/vinvin.hu\/en\/wp-json\/wp\/v2\/pages\/3620"}],"collection":[{"href":"https:\/\/vinvin.hu\/en\/wp-json\/wp\/v2\/pages"}],"about":[{"href":"https:\/\/vinvin.hu\/en\/wp-json\/wp\/v2\/types\/page"}],"author":[{"embeddable":true,"href":"https:\/\/vinvin.hu\/en\/wp-json\/wp\/v2\/users\/1"}],"replies":[{"embeddable":true,"href":"https:\/\/vinvin.hu\/en\/wp-json\/wp\/v2\/comments?post=3620"}],"version-history":[{"count":107,"href":"https:\/\/vinvin.hu\/en\/wp-json\/wp\/v2\/pages\/3620\/revisions"}],"predecessor-version":[{"id":6128,"href":"https:\/\/vinvin.hu\/en\/wp-json\/wp\/v2\/pages\/3620\/revisions\/6128"}],"wp:featuredmedia":[{"embeddable":true,"href":"https:\/\/vinvin.hu\/en\/wp-json\/wp\/v2\/media\/4257"}],"wp:attachment":[{"href":"https:\/\/vinvin.hu\/en\/wp-json\/wp\/v2\/media?parent=3620"}],"curies":[{"name":"wp","href":"https:\/\/api.w.org\/{rel}","templated":true}]}}