{"id":3918,"date":"2015-06-10T04:41:08","date_gmt":"2015-06-10T04:41:08","guid":{"rendered":"http:\/\/themes.themegoods.com\/grandrestaurant\/demo1\/?page_id=3918"},"modified":"2025-08-08T13:29:07","modified_gmt":"2025-08-08T13:29:07","slug":"vin-vin-vietnami-etterem","status":"publish","type":"page","link":"https:\/\/vinvin.hu\/en\/","title":{"rendered":"Home"},"content":{"rendered":"<div  class=\"one fullwidth\"><\/div>\n<div  class=\"one ppb_menu_with_image\" style=\"position:relative;padding:40px 0 40px 0;\" >\n<div class=\"standard_wrapper\">\n<div class=\"page_content_wrapper\">\n<div class=\"inner\">\n<div class=\"one_half parallax_scroll\" style=\"width:40%;position:absolute;left:90px;background:#ffffff;padding:40px;z-index:2;\" data-stellar-ratio=\"1.3\">\n<h2 class=\"ppb_menu_title\" >Popular Dishes<\/h2>\n<p><img src=\"https:\/\/vinvin.hu\/wp-content\/uploads\/2020\/12\/shrimps.png\" class=\"shrimps_icon vin_vin_icon\"><\/p>\n<div id=\"menu_4262\" class=\"menu_content_classic\">\n<h5 class=\"menu_post\">\n\t\t            \t<span class=\"menu_title\" style=\"background:#ffffff;\">Spring Roll<\/span><br \/>\n\t\t            \t<span class=\"menu_dots\"><\/span><br \/>\n\t\t            \t<span class=\"menu_price\" style=\"background:#ffffff;\">700 Ft<\/span><\/h5>\n<div class=\"post_detail menu_excerpt\">1 Piece<\/div>\n<\/div>\n<div id=\"menu_4446\" class=\"menu_content_classic\">\n<h5 class=\"menu_post\">\n\t\t            \t<span class=\"menu_title\" style=\"background:#ffffff;\">ROPOG\u00d3S KACSA VASLAPON<\/span><br \/>\n\t\t            \t<span class=\"menu_dots\"><\/span><br \/>\n\t\t            \t<span class=\"menu_price\" style=\"background:#ffffff;\">4,250 Ft<\/span><\/h5>\n<div class=\"post_detail menu_excerpt\"><\/div>\n<\/div>\n<div id=\"menu_4473\" class=\"menu_content_classic\">\n<h5 class=\"menu_post\">\n\t\t            \t<span class=\"menu_title\" style=\"background:#ffffff;\">X6 LAZAC T\u00c1L<\/span><br \/>\n\t\t            \t<span class=\"menu_dots\"><\/span><br \/>\n\t\t            \t<span class=\"menu_price\" style=\"background:#ffffff;\">3,950 Ft<\/span><\/h5>\n<div class=\"post_detail menu_excerpt\"><img src=\"https:\/\/vinvin.hu\/wp-content\/uploads\/2020\/12\/salmon.png\" class=\"vin_vin_icon salmon_icon\"><br \/>\n<br \/>\n6 Salmon uramaki, 4 Salmon maki, 4 Avocado maki<\/div>\n<\/div>\n<div id=\"menu_4584\" class=\"menu_content_classic\">\n<h5 class=\"menu_post\">\n\t\t            \t<span class=\"menu_title\" style=\"background:#ffffff;\">Pho Marh\u00e1val &#8211; Nagy<\/span><br \/>\n\t\t            \t<span class=\"menu_dots\"><\/span><br \/>\n\t\t            \t<span class=\"menu_price\" style=\"background:#ffffff;\">2,990 Ft<\/span><\/h5>\n<div class=\"post_detail menu_excerpt\"><\/div>\n<\/div>\n<\/div>\n<div class=\"one_half parallax_scroll_image last\" style=\"width:55%;\">\n<div class=\"image_classic_frame expand\">\n<div class=\"image_wrapper\"><a href=\"https:\/\/vinvin.hu\/wp-content\/uploads\/2020\/11\/gridelt.png\" class=\"img_frame\"><img src=\"https:\/\/vinvin.hu\/wp-content\/uploads\/2020\/11\/gridelt.png\" class=\"portfolio_img\" alt=\"\"\/><\/a><\/div>\n<\/div>\n<\/div>\n<p><br class=\"clear\"\/><\/div>\n<\/div>\n<\/div>\n<\/div>\n<div  class=\"one\" >\n<div class=\"page_content_wrapper nopadding\">\n<div class=\"one_half_bg\" style=\"background-image:url(https:\/\/vinvin.hu\/wp-content\/uploads\/2015\/06\/kajaeveswp.png);height:1000px;\"><\/div>\n<div class=\"one_half_bg\" style=\"padding:20px;\">\n<div class=\"nicepadding\">\n<div class=lunch_title_time>\n<h2 class=\"ppb_title_first\">LUNCH MENU<\/h2>\n<p><span class=\"ppb_subtitle lunch_time\">11:00 &#8211; 15:00<\/span>\n<\/div>\n<div class=\"both_lunch_menu_container\">\n<div class=\"lunch_menu_container\">\n<h3 class=\"lunch_menu_price\">\nMEN\u00dc A &#8211; 2490 FT<\/h3>\n<div class=\"lunch_box\">\n<h4 class=\"lunch_menu_day_main_page\">MONDAY<\/h4>\n<p><span class=\"lunch_menu_item\">TOM YUM LEVES VAGY H\u00daS LEVES,<br \/>\nJASMINE RICE,<br \/>\nSWEET AND SOUR CHICKEN,<br \/>\nCABBAGE SALAD<\/span>\n<\/div>\n<div class=\"lunch_box\">\n<h4 class=\"lunch_menu_day_main_page\">TUESDAY<\/h4>\n<p><span class=\"lunch_menu_item\">TOM YUM LEVES VAGY CS\u00cdP\u0150S SAVANY\u00da LEVES,<br \/>\nFRIED RICE WITH VEGETABLES,<br \/>\nCURRY CHICKEN,<br \/>\nCABBAGE SALAD<\/span>\n<\/div>\n<div class=\"lunch_box\">\n<h4 class=\"lunch_menu_day_main_page\">WEDNESDAY<\/h4>\n<p><span class=\"lunch_menu_item\">TOM YUM LEVES VAGY H\u00daS LEVES,<br \/>\nJASMINE RICE,<br \/>\nVINO CHICKEN,<br \/>\nCABBAGE SALAD<\/span>\n<\/div>\n<div class=\"lunch_box\">\n<h4 class=\"lunch_menu_day_main_page\">THURSDAY<\/h4>\n<p><span class=\"lunch_menu_item\">TOM YUM LEVES VAGY CS\u00cdP\u0150S SAVANY\u00da LEVES,<br \/>\nFRIED RICE WITH VEGETABLES,<br \/>\nSPICY CHICKEN,<br \/>\nCABBAGE SALAD<\/span>\n<\/div>\n<div class=\"lunch_box\">\n<h4 class=\"lunch_menu_day_main_page\">FRIDAY<\/h4>\n<p><span class=\"lunch_menu_item\">TOM YUM LEVES VAGY H\u00daS LEVES,<br \/>\nJASMINE RICE,<br \/>\nCURRY CHICKEN,<br \/>\nCABBAGE SALAD<\/span>\n<\/div>\n<\/div>\n<div class=\"lunch_menu_container\">\n<h3 class=\"lunch_menu_price\">MEN\u00dc B &#8211; 3190 FT<\/h3>\n<div class=\"lunch_box\">\n<h4 class=\"lunch_menu_day_main_page\">MONDAY<\/h4>\n<p><span class=\"lunch_menu_item\">TOM YOM LEVES VAGY H\u00daS LEVES,<br \/>\n1 PIECE OF SPRING ROLL,<br \/>\nFRIED RICE WITH VEGETABLES,<br \/>\nTHAI CHICKEN,<br \/>\nCABBAGE SALAD<\/span>\n<\/div>\n<div class=\"lunch_box\">\n<h4 class=\"lunch_menu_day_main_page\">TUESDAY<\/h4>\n<p><span class=\"lunch_menu_item\">TOM YUM LEVES VAGY CS\u00cdP\u0150S SAVANY\u00da LEVES,<br \/>\n1 PIECE OF SPRING ROLL,<br \/>\nJASMINE RICE,<br \/>\nFRIED PORK WITH SHRIMP,<br \/>\nCABBAGE SALAD<\/span>\n<\/div>\n<div class=\"lunch_box\">\n<h4 class=\"lunch_menu_day_main_page\">WEDNESDAY<\/h4>\n<p><span class=\"lunch_menu_item\">TOM YUM LEVES VAGY H\u00daS LEVES,<br \/>\n1 PIECE OF SPRING ROLL,<br \/>\nFRIED RICE WITH VEGETABLES,<br \/>\nP\u00c1LCIK\u00c1S CSIRKE,<br \/>\nCABBAGE SALAD<\/span>\n<\/div>\n<div class=\"lunch_box\">\n<h4 class=\"lunch_menu_day_main_page\">THURSDAY<\/h4>\n<p><span class=\"lunch_menu_item\">TOM YUM LEVES VAGY CS\u00cdP\u0150S SAVANY\u00da LEVES,<br \/>\n1 PIECE OF SPRING ROLL,<br \/>\nJASMINE RICE,<br \/>\nBEEF STEW,<br \/>\nCABBAGE SALAD<\/span>\n<\/div>\n<div class=\"lunch_box\">\n<h4 class=\"lunch_menu_day_main_page\">FRIDAY<\/h4>\n<p><span class=\"lunch_menu_item\">TOM YUM LEVES VAGY H\u00daS LEVES,<br \/>\n1 PIECE OF SPRING ROLL,<br \/>\nFRIED RICE WITH VEGETABLES,<br \/>\nTHAI CHICKEN,<br \/>\nCABBAGE SALAD<\/span>\n<\/div>\n<\/div>\n<\/div>\n<\/div>\n<\/div>\n<p><br class=\"clear\"\/><\/div>\n<\/div>\n<div  class=\"one\" style=\"position:relative;padding:40px 0 40px 0;\" >\n<div class=\"standard_wrapper\">\n<div class=\"page_content_wrapper\">\n<div class=\"inner\">\n<div class=\"one_half parallax_scroll_image\" style=\"width:50%;\">\n<div class=\"image_classic_frame expand\">\n<div class=\"image_wrapper\"><a href=\"https:\/\/vinvin.hu\/wp-content\/uploads\/2015\/06\/VinVinCity_Becsi_Utca_140.jpg\" class=\"img_frame\"><img src=\"https:\/\/vinvin.hu\/wp-content\/uploads\/2015\/06\/VinVinCity_Becsi_Utca_140.jpg\" class=\"portfolio_img\" alt=\"\"\/><\/a><\/div>\n<\/div>\n<\/div>\n<div class=\"one_half last parallax_scroll\" style=\"width:50%;position:absolute;right:90px;background:#ffffff;padding:40px;\" data-stellar-ratio=\"1.3\">\n<h2 class=\"ppb_title\" >Contact<\/h2>\n<div class=\"page_header_sep left\" ><\/div>\n<p> <a href=\"mailto:vinafood2000@gmail.com\">vinafood2000@gmail.com<\/p>\n<div id=\"reponse_msg_17546597471330823084\" class=\"contact_form_response\">\n<ul><\/ul>\n<\/div>\n<form id=\"contact_form_17546597471330823084\" class=\"contact_form_wrapper\" method=\"post\" action=\"\/wp-admin\/admin-ajax.php\" data-trp-original-action=\"\/wp-admin\/admin-ajax.php\"><input type=\"hidden\" id=\"action\" name=\"action\" value=\"pp_contact_mailer\"\/><label for=\"your_name\">Name *<\/label><br \/>\n\t    \t\t\t\t<input id=\"your_name\" name=\"your_name\" type=\"text\" class=\"required_field\" placeholder=\"Name *\"\/><br \/>\n\t    \t\t\t\t<label for=\"email\">Email *<\/label><br \/>\n\t    \t\t\t\t<input id=\"email\" name=\"email\" type=\"text\" class=\"required_field email\" placeholder=\"Email *\"\/><br \/>\n\t    \t\t\t\t<label for=\"message\">Message *<\/label><br \/>\n\t    \t\t\t\t<textarea id=\"message\" name=\"message\" rows=\"7\" cols=\"10\" class=\"required_field\" style=\"width:95.5%;\" placeholder=\"Message *\"><\/textarea><\/p>\n<div class=\"contact_submit_wrapper\">\n\t    \t<input id=\"contact_submit_btn17546597471330823084\" name=\"contact_submit_btn17546597471330823084\" type=\"submit\" class=\"solidbg\" value=\"Send\"\/>\n\t    <\/div>\n<input type=\"hidden\" name=\"trp-form-language\" value=\"en\"\/><\/form>\n<\/div>\n<p><br class=\"clear\"\/><\/div>\n<\/div>\n<\/div>\n<\/div>\n<div  class=\"one withsmallpadding ppb_header\" style=\"padding-bottom: 30px !important;text-align:center;padding:50px 0 50px 0;\" >\n<div class=\"standard_wrapper\">\n<div class=\"page_content_wrapper\">\n<div class=\"inner\">\n<div style=\"margin:auto;width:50%;\">\n<h2 class=\"ppb_title_first\">GALLERY<\/div>\n<\/div>\n<\/div>\n<\/div>\n<\/div>\n<div  class=\"one\">\n<div id=\"17546597471089786276\" class=\"photo_wall_wrapper shortcode withmargin\">\n<div class=\"wall_entry withmargin\">\n<div class=\"wall_thumbnail\"><a class=\"fancy-gallery\" href=\"https:\/\/vinvin.hu\/wp-content\/uploads\/2015\/06\/VinVin_24.jpg\" title=\"\" ><img src=\"https:\/\/vinvin.hu\/wp-content\/uploads\/2015\/06\/VinVin_24-400x400.jpg\" alt=\"\"\/><\/a><\/div>\n<\/div>\n<div class=\"wall_entry withmargin\">\n<div class=\"wall_thumbnail\"><a class=\"fancy-gallery\" href=\"https:\/\/vinvin.hu\/wp-content\/uploads\/2020\/11\/VinVin_45_v_042-scaled.jpg\" title=\"\" ><img src=\"https:\/\/vinvin.hu\/wp-content\/uploads\/2020\/11\/VinVin_45_v_042-400x400.jpg\" alt=\"\"\/><\/a><\/div>\n<\/div>\n<div class=\"wall_entry withmargin\">\n<div class=\"wall_thumbnail\"><a class=\"fancy-gallery\" href=\"https:\/\/vinvin.hu\/wp-content\/uploads\/2015\/06\/VinVin_07.jpg\" title=\"\" ><img src=\"https:\/\/vinvin.hu\/wp-content\/uploads\/2015\/06\/VinVin_07-400x400.jpg\" alt=\"\"\/><\/a><\/div>\n<\/div>\n<div class=\"wall_entry withmargin\">\n<div class=\"wall_thumbnail\"><a class=\"fancy-gallery\" href=\"https:\/\/vinvin.hu\/wp-content\/uploads\/2015\/06\/VinVin_01.jpg\" title=\"\" ><img src=\"https:\/\/vinvin.hu\/wp-content\/uploads\/2015\/06\/VinVin_01-400x400.jpg\" alt=\"\"\/><\/a><\/div>\n<\/div>\n<div class=\"wall_entry withmargin\">\n<div class=\"wall_thumbnail\"><a class=\"fancy-gallery\" href=\"https:\/\/vinvin.hu\/wp-content\/uploads\/2015\/06\/sultrizs.jpg\" title=\"\" ><img src=\"https:\/\/vinvin.hu\/wp-content\/uploads\/2015\/06\/sultrizs-400x400.jpg\" alt=\"\"\/><\/a><\/div>\n<\/div>\n<div class=\"wall_entry withmargin\">\n<div class=\"wall_thumbnail\"><a class=\"fancy-gallery\" href=\"https:\/\/vinvin.hu\/wp-content\/uploads\/2015\/06\/2A9A6986.jpg\" title=\"\" ><img src=\"https:\/\/vinvin.hu\/wp-content\/uploads\/2015\/06\/2A9A6986-400x400.jpg\" alt=\"\"\/><\/a><\/div>\n<\/div>\n<div class=\"wall_entry withmargin\">\n<div class=\"wall_thumbnail\"><a class=\"fancy-gallery\" href=\"https:\/\/vinvin.hu\/wp-content\/uploads\/2015\/06\/VinVin_03.jpg\" title=\"\" ><img src=\"https:\/\/vinvin.hu\/wp-content\/uploads\/2015\/06\/VinVin_03-400x400.jpg\" alt=\"\"\/><\/a><\/div>\n<\/div>\n<div class=\"wall_entry withmargin\">\n<div class=\"wall_thumbnail\"><a class=\"fancy-gallery\" href=\"https:\/\/vinvin.hu\/wp-content\/uploads\/2015\/06\/2A9A7135.jpg\" title=\"\" ><img src=\"https:\/\/vinvin.hu\/wp-content\/uploads\/2015\/06\/2A9A7135-400x400.jpg\" alt=\"\"\/><\/a><\/div>\n<\/div>\n<\/div>\n<\/div>","protected":false},"excerpt":{"rendered":"<p>N\u00c9PSZER\u0170 \u00c9TELEK TAVASZI TEKERCS 700 Ft 1 DARAB ROPOG\u00d3S KACSA VASLAPON 4,250 Ft X6 LAZAC T\u00c1L 3,950 Ft 6 Lazac uramaki, 4 Lazac maki, 4 Avok\u00e1d\u00f3 maki Pho Marh\u00e1val &#8211; Nagy 2,990 Ft EB\u00c9D MEN\u00dc 11:00 &#8211; 15:00 MEN\u00dc A [&hellip;]<\/p>","protected":false},"author":1,"featured_media":0,"parent":0,"menu_order":0,"comment_status":"open","ping_status":"closed","template":"","meta":[],"yoast_head":"<!-- This site is optimized with the Yoast SEO plugin v15.9 - https:\/\/yoast.com\/wordpress\/plugins\/seo\/ -->\n<title>Vin.Vin | Vietn\u00e1mi \u00e9tterem | Budapest<\/title>\n<meta name=\"description\" content=\"A Vin.Vin egy vietnami \u00e9tterem l\u00e1nc amelynek c\u00e9lja kiv\u00e1l\u00f3 min\u0151s\u00e9g\u0171 \u00e9telek felszolg\u00e1l\u00e1sa vend\u00e9geink sz\u00e1m\u00e1ra.\" \/>\n<meta name=\"robots\" content=\"index, follow, max-snippet:-1, max-image-preview:large, max-video-preview:-1\" \/>\n<link rel=\"canonical\" href=\"https:\/\/vinvin.hu\/en\/\" \/>\n<meta property=\"og:locale\" content=\"en_US\" \/>\n<meta property=\"og:type\" content=\"article\" \/>\n<meta property=\"og:title\" content=\"Vin.Vin | Vietn\u00e1mi \u00e9tterem | Budapest\" \/>\n<meta property=\"og:description\" content=\"A Vin.Vin egy vietnami \u00e9tterem l\u00e1nc amelynek c\u00e9lja kiv\u00e1l\u00f3 min\u0151s\u00e9g\u0171 \u00e9telek felszolg\u00e1l\u00e1sa vend\u00e9geink sz\u00e1m\u00e1ra.\" \/>\n<meta property=\"og:url\" content=\"https:\/\/vinvin.hu\/en\/\" \/>\n<meta property=\"og:site_name\" content=\"Vin.Vin\" \/>\n<meta property=\"article:publisher\" content=\"https:\/\/www.facebook.com\/Vin.Vin.City.etterem\" \/>\n<meta property=\"article:modified_time\" content=\"2025-08-08T13:29:07+00:00\" \/>\n<meta property=\"og:image\" content=\"https:\/\/vinvin.hu\/wp-content\/uploads\/2020\/12\/shrimps.png\" \/>\n<meta name=\"twitter:card\" content=\"summary_large_image\" \/>\n<meta name=\"twitter:label1\" content=\"Est. reading time\">\n\t<meta name=\"twitter:data1\" content=\"1 minute\">\n<script type=\"application\/ld+json\" class=\"yoast-schema-graph\">{\"@context\":\"https:\/\/schema.org\",\"@graph\":[{\"@type\":\"Organization\",\"@id\":\"https:\/\/vinvin.hu\/en\/#organization\",\"name\":\"Vin.Vin\",\"url\":\"https:\/\/vinvin.hu\/en\/\",\"sameAs\":[\"https:\/\/www.facebook.com\/Vin.Vin.City.etterem\",\"https:\/\/www.instagram.com\/vin.vin.city\/\"],\"logo\":{\"@type\":\"ImageObject\",\"@id\":\"https:\/\/vinvin.hu\/en\/#logo\",\"inLanguage\":\"en-US\",\"url\":\"https:\/\/vinvin.hu\/wp-content\/uploads\/2020\/12\/VIN-VIN-LOGO-BLACK.png\",\"width\":842,\"height\":596,\"caption\":\"Vin.Vin\"},\"image\":{\"@id\":\"https:\/\/vinvin.hu\/en\/#logo\"}},{\"@type\":\"WebSite\",\"@id\":\"https:\/\/vinvin.hu\/en\/#website\",\"url\":\"https:\/\/vinvin.hu\/en\/\",\"name\":\"Vin.Vin\",\"description\":\"Vietnamese Street Food\",\"publisher\":{\"@id\":\"https:\/\/vinvin.hu\/en\/#organization\"},\"potentialAction\":[{\"@type\":\"SearchAction\",\"target\":\"https:\/\/vinvin.hu\/en\/?s={search_term_string}\",\"query-input\":\"required name=search_term_string\"}],\"inLanguage\":\"en-US\"},{\"@type\":\"ImageObject\",\"@id\":\"https:\/\/vinvin.hu\/#primaryimage\",\"inLanguage\":\"en-US\",\"url\":\"https:\/\/vinvin.hu\/wp-content\/uploads\/2020\/12\/shrimps.png\",\"width\":133,\"height\":128},{\"@type\":\"WebPage\",\"@id\":\"https:\/\/vinvin.hu\/#webpage\",\"url\":\"https:\/\/vinvin.hu\/\",\"name\":\"Vin.Vin | Vietn\\u00e1mi \\u00e9tterem | Budapest\",\"isPartOf\":{\"@id\":\"https:\/\/vinvin.hu\/en\/#website\"},\"primaryImageOfPage\":{\"@id\":\"https:\/\/vinvin.hu\/#primaryimage\"},\"datePublished\":\"2015-06-10T04:41:08+00:00\",\"dateModified\":\"2025-08-08T13:29:07+00:00\",\"description\":\"A Vin.Vin egy vietnami \\u00e9tterem l\\u00e1nc amelynek c\\u00e9lja kiv\\u00e1l\\u00f3 min\\u0151s\\u00e9g\\u0171 \\u00e9telek felszolg\\u00e1l\\u00e1sa vend\\u00e9geink sz\\u00e1m\\u00e1ra.\",\"breadcrumb\":{\"@id\":\"https:\/\/vinvin.hu\/#breadcrumb\"},\"inLanguage\":\"en-US\",\"potentialAction\":[{\"@type\":\"ReadAction\",\"target\":[\"https:\/\/vinvin.hu\/\"]}]},{\"@type\":\"BreadcrumbList\",\"@id\":\"https:\/\/vinvin.hu\/#breadcrumb\",\"itemListElement\":[{\"@type\":\"ListItem\",\"position\":1,\"item\":{\"@type\":\"WebPage\",\"@id\":\"https:\/\/vinvin.hu\/\",\"url\":\"https:\/\/vinvin.hu\/\",\"name\":\"Home\"}},{\"@type\":\"ListItem\",\"position\":2,\"item\":{\"@type\":\"WebPage\",\"@id\":\"https:\/\/vinvin.hu\/\",\"url\":\"https:\/\/vinvin.hu\/\",\"name\":\"Home\"}}]}]}<\/script>\n<!-- \/ Yoast SEO plugin. -->","_links":{"self":[{"href":"https:\/\/vinvin.hu\/en\/wp-json\/wp\/v2\/pages\/3918"}],"collection":[{"href":"https:\/\/vinvin.hu\/en\/wp-json\/wp\/v2\/pages"}],"about":[{"href":"https:\/\/vinvin.hu\/en\/wp-json\/wp\/v2\/types\/page"}],"author":[{"embeddable":true,"href":"https:\/\/vinvin.hu\/en\/wp-json\/wp\/v2\/users\/1"}],"replies":[{"embeddable":true,"href":"https:\/\/vinvin.hu\/en\/wp-json\/wp\/v2\/comments?post=3918"}],"version-history":[{"count":131,"href":"https:\/\/vinvin.hu\/en\/wp-json\/wp\/v2\/pages\/3918\/revisions"}],"predecessor-version":[{"id":6114,"href":"https:\/\/vinvin.hu\/en\/wp-json\/wp\/v2\/pages\/3918\/revisions\/6114"}],"wp:attachment":[{"href":"https:\/\/vinvin.hu\/en\/wp-json\/wp\/v2\/media?parent=3918"}],"curies":[{"name":"wp","href":"https:\/\/api.w.org\/{rel}","templated":true}]}}