{"id":4637,"date":"2020-11-30T20:10:02","date_gmt":"2020-11-30T20:10:02","guid":{"rendered":"https:\/\/vinvin.hu\/?page_id=4637"},"modified":"2021-01-08T16:54:15","modified_gmt":"2021-01-08T16:54:15","slug":"rendeles","status":"publish","type":"page","link":"https:\/\/vinvin.hu\/en\/rendeles\/","title":{"rendered":"Deliveries"},"content":{"rendered":"<div  class=\"one fullwidth\"><\/div>\n<div  class=\"one fullwidth\"><\/div>","protected":false},"excerpt":{"rendered":"","protected":false},"author":3,"featured_media":0,"parent":0,"menu_order":0,"comment_status":"closed","ping_status":"closed","template":"","meta":[],"yoast_head":"<!-- This site is optimized with the Yoast SEO plugin v15.9 - https:\/\/yoast.com\/wordpress\/plugins\/seo\/ -->\n<title>Vin.Vin | Online Rendel\u00e9s | H\u00e1zhozsz\u00e1ll\u00edt\u00e1s<\/title>\n<meta name=\"description\" content=\"Rendeld meg kedvenc vietn\u00e1mi \u00e9teleid elvitelre \u00e9ttermeinkb\u0151l vagy ak\u00e1r online a Wolt-on vagy a Netpinc\u00e9ren kereszt\u00fcl.\" \/>\n<meta name=\"robots\" content=\"index, follow, max-snippet:-1, max-image-preview:large, max-video-preview:-1\" \/>\n<link rel=\"canonical\" href=\"https:\/\/vinvin.hu\/en\/rendeles\/\" \/>\n<meta property=\"og:locale\" content=\"en_US\" \/>\n<meta property=\"og:type\" content=\"article\" \/>\n<meta property=\"og:title\" content=\"Vin.Vin | Online Rendel\u00e9s | H\u00e1zhozsz\u00e1ll\u00edt\u00e1s\" \/>\n<meta property=\"og:description\" content=\"Rendeld meg kedvenc vietn\u00e1mi \u00e9teleid elvitelre \u00e9ttermeinkb\u0151l vagy ak\u00e1r online a Wolt-on vagy a Netpinc\u00e9ren kereszt\u00fcl.\" \/>\n<meta property=\"og:url\" content=\"https:\/\/vinvin.hu\/en\/rendeles\/\" \/>\n<meta property=\"og:site_name\" content=\"Vin.Vin\" \/>\n<meta property=\"article:publisher\" content=\"https:\/\/www.facebook.com\/Vin.Vin.City.etterem\" \/>\n<meta property=\"article:modified_time\" content=\"2021-01-08T16:54:15+00:00\" \/>\n<meta name=\"twitter:card\" content=\"summary_large_image\" \/>\n<script type=\"application\/ld+json\" class=\"yoast-schema-graph\">{\"@context\":\"https:\/\/schema.org\",\"@graph\":[{\"@type\":\"Organization\",\"@id\":\"https:\/\/vinvin.hu\/en\/#organization\",\"name\":\"Vin.Vin\",\"url\":\"https:\/\/vinvin.hu\/en\/\",\"sameAs\":[\"https:\/\/www.facebook.com\/Vin.Vin.City.etterem\",\"https:\/\/www.instagram.com\/vin.vin.city\/\"],\"logo\":{\"@type\":\"ImageObject\",\"@id\":\"https:\/\/vinvin.hu\/en\/#logo\",\"inLanguage\":\"en-US\",\"url\":\"https:\/\/vinvin.hu\/wp-content\/uploads\/2020\/12\/VIN-VIN-LOGO-BLACK.png\",\"width\":842,\"height\":596,\"caption\":\"Vin.Vin\"},\"image\":{\"@id\":\"https:\/\/vinvin.hu\/en\/#logo\"}},{\"@type\":\"WebSite\",\"@id\":\"https:\/\/vinvin.hu\/en\/#website\",\"url\":\"https:\/\/vinvin.hu\/en\/\",\"name\":\"Vin.Vin\",\"description\":\"Vietnamese Street Food\",\"publisher\":{\"@id\":\"https:\/\/vinvin.hu\/en\/#organization\"},\"potentialAction\":[{\"@type\":\"SearchAction\",\"target\":\"https:\/\/vinvin.hu\/en\/?s={search_term_string}\",\"query-input\":\"required name=search_term_string\"}],\"inLanguage\":\"en-US\"},{\"@type\":\"WebPage\",\"@id\":\"https:\/\/vinvin.hu\/rendeles\/#webpage\",\"url\":\"https:\/\/vinvin.hu\/rendeles\/\",\"name\":\"Vin.Vin | Online Rendel\\u00e9s | H\\u00e1zhozsz\\u00e1ll\\u00edt\\u00e1s\",\"isPartOf\":{\"@id\":\"https:\/\/vinvin.hu\/en\/#website\"},\"datePublished\":\"2020-11-30T20:10:02+00:00\",\"dateModified\":\"2021-01-08T16:54:15+00:00\",\"description\":\"Rendeld meg kedvenc vietn\\u00e1mi \\u00e9teleid elvitelre \\u00e9ttermeinkb\\u0151l vagy ak\\u00e1r online a Wolt-on vagy a Netpinc\\u00e9ren kereszt\\u00fcl.\",\"breadcrumb\":{\"@id\":\"https:\/\/vinvin.hu\/rendeles\/#breadcrumb\"},\"inLanguage\":\"en-US\",\"potentialAction\":[{\"@type\":\"ReadAction\",\"target\":[\"https:\/\/vinvin.hu\/rendeles\/\"]}]},{\"@type\":\"BreadcrumbList\",\"@id\":\"https:\/\/vinvin.hu\/rendeles\/#breadcrumb\",\"itemListElement\":[{\"@type\":\"ListItem\",\"position\":1,\"item\":{\"@type\":\"WebPage\",\"@id\":\"https:\/\/vinvin.hu\/\",\"url\":\"https:\/\/vinvin.hu\/\",\"name\":\"Home\"}},{\"@type\":\"ListItem\",\"position\":2,\"item\":{\"@type\":\"WebPage\",\"@id\":\"https:\/\/vinvin.hu\/rendeles\/\",\"url\":\"https:\/\/vinvin.hu\/rendeles\/\",\"name\":\"Deliveries\"}}]}]}<\/script>\n<!-- \/ Yoast SEO plugin. -->","_links":{"self":[{"href":"https:\/\/vinvin.hu\/en\/wp-json\/wp\/v2\/pages\/4637"}],"collection":[{"href":"https:\/\/vinvin.hu\/en\/wp-json\/wp\/v2\/pages"}],"about":[{"href":"https:\/\/vinvin.hu\/en\/wp-json\/wp\/v2\/types\/page"}],"author":[{"embeddable":true,"href":"https:\/\/vinvin.hu\/en\/wp-json\/wp\/v2\/users\/3"}],"replies":[{"embeddable":true,"href":"https:\/\/vinvin.hu\/en\/wp-json\/wp\/v2\/comments?post=4637"}],"version-history":[{"count":17,"href":"https:\/\/vinvin.hu\/en\/wp-json\/wp\/v2\/pages\/4637\/revisions"}],"predecessor-version":[{"id":5480,"href":"https:\/\/vinvin.hu\/en\/wp-json\/wp\/v2\/pages\/4637\/revisions\/5480"}],"wp:attachment":[{"href":"https:\/\/vinvin.hu\/en\/wp-json\/wp\/v2\/media?parent=4637"}],"curies":[{"name":"wp","href":"https:\/\/api.w.org\/{rel}","templated":true}]}}