{"id":4965,"date":"2020-12-03T18:03:36","date_gmt":"2020-12-03T18:03:36","guid":{"rendered":"https:\/\/vinvin.hu\/?page_id=4965"},"modified":"2022-05-15T10:02:06","modified_gmt":"2022-05-15T10:02:06","slug":"our-restaurants","status":"publish","type":"page","link":"https:\/\/vinvin.hu\/en\/our-restaurants\/","title":{"rendered":"Restaurants"},"content":{"rendered":"<div  class=\"one fullwidth\"><\/div>\n<div  class=\"one withsmallpadding ppb_text\" style=\"padding:30px 0 30px 0;\" >\n<div class=\"standard_wrapper\">\n<div class=\"page_content_wrapper\">\n<div class=\"inner\">\n<div style=\"margin:auto;width:100%\">\n<div class=\"map_grid_container\">\n<div class=\"text_with_map city\">\n<h2 class=\"ppb_title\" style=\"color:#ffffff; font-weight:600\">\nVIN.VIN CITY<br \/>\n<\/h2>\n<div class=\"ppb_subtitle\" style=\"color:#ffffff;\">\nCOZY RESTAURANT IN THE HEART OF BUDAPEST\n<\/div>\n<p>Vin.Vin city egy Vietn\u00e1mi street-food \u00e9tterem amelynek c\u00e9lja, hogy min\u0151s\u00e9gi \u00e9teleket k\u00edn\u00e1ljon kiv\u00e9teles term\u00e9kekkel, el\u00e9rhet\u0151 \u00e1ron. Mi, mint \u00e9tterem, folyamatosan fejl\u0151d\u00fcnk, hogy meg\u0151rizz\u00fck \u00e9teleink hiteless\u00e9g\u00e9t minden szak\u00e1csunk Vietnamb\u00f3l sz\u00e1rmazik, D\u00edj nyertes egyedi tervez\u00e9s\u0171\u00e9ttermeink meleg, m\u00e9gis csal\u00e1dias hangulattal rendelkeznek. Vin.Vin city Andr\u00e1ssy \u00fati \u00e9tterme 2018-ban nyitott. Ez Budapest egyik legh\u00edresebb \u00fatja. M\u00e1sodik Vin.Vin city \u00e9tterm\u00fcnk 2020 Augusztus \u00f3ta van a B\u00e9csi utc\u00e1ban amely a Fashion Streethez k\u00f6zel nyitott amely egy szint\u00e9n h\u00edres turista hely Budapesten.V\u00e9g\u00fcl a harmadik Vin.Vin city \u00e9tterm\u00fcnk 2022 \u00c1prilisban nyitott meg Bud\u00e1n a Bartok B\u00e9la \u00faton.\n<\/p>\n<\/div>\n<div class=\"map_with_text\">\n <iframe src=\"https:\/\/www.google.com\/maps\/d\/u\/0\/embed?mid=18omngF6PuR36l1mheTTguSTL5xLzEmpB\" style=\"width:100%; height:100%;\"><\/iframe>\n<\/div>\n<\/div>\n<\/div>\n<\/div>\n<\/div>\n<\/div>\n<\/div>\n<div  class=\"one\">\n<div id=\"1652608926984287688\" class=\"photo_wall_wrapper shortcode\">\n<div class=\"wall_entry\">\n<div class=\"wall_thumbnail\"><a class=\"fancy-gallery\" href=\"https:\/\/vinvin.hu\/wp-content\/uploads\/2022\/05\/279698704_3217994191808313_7051375944462081005_n.jpg\" title=\"\" ><img src=\"https:\/\/vinvin.hu\/wp-content\/uploads\/2022\/05\/279698704_3217994191808313_7051375944462081005_n-400x400.jpg\" alt=\"\"\/><\/a><\/div>\n<\/div>\n<div class=\"wall_entry\">\n<div class=\"wall_thumbnail\"><a class=\"fancy-gallery\" href=\"https:\/\/vinvin.hu\/wp-content\/uploads\/2022\/05\/279693087_3217994598474939_8440335585521409088_n.jpg\" title=\"\" ><img src=\"https:\/\/vinvin.hu\/wp-content\/uploads\/2022\/05\/279693087_3217994598474939_8440335585521409088_n-400x400.jpg\" alt=\"\"\/><\/a><\/div>\n<\/div>\n<div class=\"wall_entry\">\n<div class=\"wall_thumbnail\"><a class=\"fancy-gallery\" href=\"https:\/\/vinvin.hu\/wp-content\/uploads\/2020\/12\/IMG_7150-scaled.jpg\" title=\"\" ><img src=\"https:\/\/vinvin.hu\/wp-content\/uploads\/2020\/12\/IMG_7150-400x400.jpg\" alt=\"\"\/><\/a><\/div>\n<\/div>\n<div class=\"wall_entry\">\n<div class=\"wall_thumbnail\"><a class=\"fancy-gallery\" href=\"https:\/\/vinvin.hu\/wp-content\/uploads\/2020\/12\/IMG_7131-scaled.jpg\" title=\"\" ><img src=\"https:\/\/vinvin.hu\/wp-content\/uploads\/2020\/12\/IMG_7131-400x400.jpg\" alt=\"\"\/><\/a><\/div>\n<\/div>\n<div class=\"wall_entry\">\n<div class=\"wall_thumbnail\"><a class=\"fancy-gallery\" href=\"https:\/\/vinvin.hu\/wp-content\/uploads\/2015\/06\/VinVin4-44.jpg\" title=\"\" ><img src=\"https:\/\/vinvin.hu\/wp-content\/uploads\/2015\/06\/VinVin4-44-400x400.jpg\" alt=\"\"\/><\/a><\/div>\n<\/div>\n<div class=\"wall_entry\">\n<div class=\"wall_thumbnail\"><a class=\"fancy-gallery\" href=\"https:\/\/vinvin.hu\/wp-content\/uploads\/2015\/06\/VinVinCity_Becsi_Utca_040.jpg\" title=\"\" ><img src=\"https:\/\/vinvin.hu\/wp-content\/uploads\/2015\/06\/VinVinCity_Becsi_Utca_040-400x400.jpg\" alt=\"\"\/><\/a><\/div>\n<\/div>\n<div class=\"wall_entry\">\n<div class=\"wall_thumbnail\"><a class=\"fancy-gallery\" href=\"https:\/\/vinvin.hu\/wp-content\/uploads\/2020\/12\/VinVin_valog_01_0004-1-scaled.jpg\" title=\"\" ><img src=\"https:\/\/vinvin.hu\/wp-content\/uploads\/2020\/12\/VinVin_valog_01_0004-1-400x400.jpg\" alt=\"\"\/><\/a><\/div>\n<\/div>\n<div class=\"wall_entry\">\n<div class=\"wall_thumbnail\"><a class=\"fancy-gallery\" href=\"https:\/\/vinvin.hu\/wp-content\/uploads\/2015\/06\/VinVinCity_Becsi_Utca_012.jpg\" title=\"\" ><img src=\"https:\/\/vinvin.hu\/wp-content\/uploads\/2015\/06\/VinVinCity_Becsi_Utca_012-400x400.jpg\" alt=\"\"\/><\/a><\/div>\n<\/div>\n<\/div>\n<\/div>\n<div  class=\"one withsmallpadding ppb_text\" style=\"padding:30px 0 30px 0;\" >\n<div class=\"standard_wrapper\">\n<div class=\"page_content_wrapper\">\n<div class=\"inner\">\n<div style=\"margin:auto;width:100%\">\n<div class=\"map_grid_container\">\n<div class=\"map_with_text\">\n <iframe src=\"https:\/\/www.google.com\/maps\/d\/u\/0\/embed?mid=1rscHPHH6P27ziazIYoYDgnrGDYSeATY9\" style=\"width:100%; height:100%\"><\/iframe>\n<\/div>\n<div class=\"text_with_map express\">\n<h2 class=\"ppb_title\" style=\"color:#ffffff; font-weight:600\">\nVIN.VIN EXPRESS<br \/>\n<\/h2>\n<div class=\"ppb_subtitle\" style=\"color:#ffffff;\">\nEXCEPTIONAL VIETNAMESE FOOD FOR AFFORDABLE PRICE\n<\/div>\n<p class=\" translation-block\">Our Vin.Vin express restaurants are located near office buildings. Our goal was to serve those who want to jump in for a quick and healthy and super affordable and tasty Vietnamese meal. Our self-service dine-in restaurants generally have a cleaner modern look but also a welcoming feel.\nOur very first Vin.Vin express restaurant, opened 2016, located near Duna tower still to this day welcomes hundreds of office workers around the area every day. Our second Vin.Vin express eatery is based on the same concept located on V\u00e1ci avenue. Our headquarter is currently based on this location on V\u00e1ci avenue.<\/p>\n<\/div>\n<\/div>\n<\/div>\n<\/div>\n<\/div>\n<\/div>\n<\/div>\n<div  class=\"one\">\n<div id=\"16526089261632939666\" class=\"photo_wall_wrapper shortcode\">\n<div class=\"wall_entry\">\n<div class=\"wall_thumbnail\"><a class=\"fancy-gallery\" href=\"https:\/\/vinvin.hu\/wp-content\/uploads\/2020\/12\/VinVinOpen10-scaled.jpg\" title=\"\" ><img src=\"https:\/\/vinvin.hu\/wp-content\/uploads\/2020\/12\/VinVinOpen10-400x400.jpg\" alt=\"\"\/><\/a><\/div>\n<\/div>\n<div class=\"wall_entry\">\n<div class=\"wall_thumbnail\"><a class=\"fancy-gallery\" href=\"https:\/\/vinvin.hu\/wp-content\/uploads\/2020\/12\/VinVinOpen17-scaled.jpg\" title=\"\" ><img src=\"https:\/\/vinvin.hu\/wp-content\/uploads\/2020\/12\/VinVinOpen17-400x400.jpg\" alt=\"\"\/><\/a><\/div>\n<\/div>\n<div class=\"wall_entry\">\n<div class=\"wall_thumbnail\"><a class=\"fancy-gallery\" href=\"https:\/\/vinvin.hu\/wp-content\/uploads\/2020\/12\/VinVinOpen15-scaled.jpg\" title=\"\" ><img src=\"https:\/\/vinvin.hu\/wp-content\/uploads\/2020\/12\/VinVinOpen15-400x400.jpg\" alt=\"\"\/><\/a><\/div>\n<\/div>\n<div class=\"wall_entry\">\n<div class=\"wall_thumbnail\"><a class=\"fancy-gallery\" href=\"https:\/\/vinvin.hu\/wp-content\/uploads\/2020\/12\/VinVinOpen52-scaled.jpg\" title=\"\" ><img src=\"https:\/\/vinvin.hu\/wp-content\/uploads\/2020\/12\/VinVinOpen52-400x400.jpg\" alt=\"\"\/><\/a><\/div>\n<\/div>\n<div class=\"wall_entry\">\n<div class=\"wall_thumbnail\"><a class=\"fancy-gallery\" href=\"https:\/\/vinvin.hu\/wp-content\/uploads\/2020\/12\/TCT3881.jpg\" title=\"\" ><img src=\"https:\/\/vinvin.hu\/wp-content\/uploads\/2020\/12\/TCT3881-400x400.jpg\" alt=\"\"\/><\/a><\/div>\n<\/div>\n<div class=\"wall_entry\">\n<div class=\"wall_thumbnail\"><a class=\"fancy-gallery\" href=\"https:\/\/vinvin.hu\/wp-content\/uploads\/2020\/12\/TCT3942.jpg\" title=\"\" ><img src=\"https:\/\/vinvin.hu\/wp-content\/uploads\/2020\/12\/TCT3942-400x400.jpg\" alt=\"\"\/><\/a><\/div>\n<\/div>\n<div class=\"wall_entry\">\n<div class=\"wall_thumbnail\"><a class=\"fancy-gallery\" href=\"https:\/\/vinvin.hu\/wp-content\/uploads\/2020\/12\/TCT3933.jpg\" title=\"\" ><img src=\"https:\/\/vinvin.hu\/wp-content\/uploads\/2020\/12\/TCT3933-400x400.jpg\" alt=\"\"\/><\/a><\/div>\n<\/div>\n<div class=\"wall_entry\">\n<div class=\"wall_thumbnail\"><a class=\"fancy-gallery\" href=\"https:\/\/vinvin.hu\/wp-content\/uploads\/2020\/12\/TCT4193.jpg\" title=\"\" ><img src=\"https:\/\/vinvin.hu\/wp-content\/uploads\/2020\/12\/TCT4193-400x400.jpg\" alt=\"\"\/><\/a><\/div>\n<\/div>\n<\/div>\n<\/div>","protected":false},"excerpt":{"rendered":"<p>VIN.VIN CITY HANGULATOS \u00c9TTEREM BUDAPEST SZ\u00cdV\u00c9BEN Vin.Vin city egy Vietn\u00e1mi street-food \u00e9tterem amelynek c\u00e9lja, hogy min\u0151s\u00e9gi \u00e9teleket k\u00edn\u00e1ljon kiv\u00e9teles term\u00e9kekkel, el\u00e9rhet\u0151 \u00e1ron. Mi, mint \u00e9tterem, folyamatosan fejl\u0151d\u00fcnk, hogy meg\u0151rizz\u00fck \u00e9teleink hiteless\u00e9g\u00e9t minden szak\u00e1csunk Vietnamb\u00f3l sz\u00e1rmazik, D\u00edj nyertes egyedi tervez\u00e9s\u0171\u00e9ttermeink meleg, [&hellip;]<\/p>","protected":false},"author":3,"featured_media":0,"parent":0,"menu_order":0,"comment_status":"closed","ping_status":"closed","template":"","meta":[],"yoast_head":"<!-- This site is optimized with the Yoast SEO plugin v15.9 - https:\/\/yoast.com\/wordpress\/plugins\/seo\/ -->\n<title>Restaurants | Vin.Vin<\/title>\n<meta name=\"description\" content=\"VIN.VIN CITY HANGULATOS \u00c9TTEREM BUDAPEST SZ\u00cdV\u00c9BEN Vin.Vin city egy Vietn\u00e1mi street-food \u00e9tterem amelynek c\u00e9lja, hogy min\u0151s\u00e9gi \u00e9teleket k\u00edn\u00e1ljon kiv\u00e9teles\" \/>\n<meta name=\"robots\" content=\"index, follow, max-snippet:-1, max-image-preview:large, max-video-preview:-1\" \/>\n<link rel=\"canonical\" href=\"https:\/\/vinvin.hu\/en\/our-restaurants\/\" \/>\n<meta property=\"og:locale\" content=\"en_US\" \/>\n<meta property=\"og:type\" content=\"article\" \/>\n<meta property=\"og:title\" content=\"Restaurants | Vin.Vin\" \/>\n<meta property=\"og:description\" content=\"VIN.VIN CITY HANGULATOS \u00c9TTEREM BUDAPEST SZ\u00cdV\u00c9BEN Vin.Vin city egy Vietn\u00e1mi street-food \u00e9tterem amelynek c\u00e9lja, hogy min\u0151s\u00e9gi \u00e9teleket k\u00edn\u00e1ljon kiv\u00e9teles\" \/>\n<meta property=\"og:url\" content=\"https:\/\/vinvin.hu\/en\/our-restaurants\/\" \/>\n<meta property=\"og:site_name\" content=\"Vin.Vin\" \/>\n<meta property=\"article:publisher\" content=\"https:\/\/www.facebook.com\/Vin.Vin.City.etterem\" \/>\n<meta property=\"article:modified_time\" content=\"2022-05-15T10:02:06+00:00\" \/>\n<meta property=\"og:image\" content=\"https:\/\/vinvin.hu\/wp-content\/uploads\/2022\/05\/279698704_3217994191808313_7051375944462081005_n-400x400.jpg\" \/>\n<meta name=\"twitter:card\" content=\"summary_large_image\" \/>\n<meta name=\"twitter:label1\" content=\"Est. reading time\">\n\t<meta name=\"twitter:data1\" content=\"1 minute\">\n<script type=\"application\/ld+json\" class=\"yoast-schema-graph\">{\"@context\":\"https:\/\/schema.org\",\"@graph\":[{\"@type\":\"Organization\",\"@id\":\"https:\/\/vinvin.hu\/en\/#organization\",\"name\":\"Vin.Vin\",\"url\":\"https:\/\/vinvin.hu\/en\/\",\"sameAs\":[\"https:\/\/www.facebook.com\/Vin.Vin.City.etterem\",\"https:\/\/www.instagram.com\/vin.vin.city\/\"],\"logo\":{\"@type\":\"ImageObject\",\"@id\":\"https:\/\/vinvin.hu\/en\/#logo\",\"inLanguage\":\"en-US\",\"url\":\"https:\/\/vinvin.hu\/wp-content\/uploads\/2020\/12\/VIN-VIN-LOGO-BLACK.png\",\"width\":842,\"height\":596,\"caption\":\"Vin.Vin\"},\"image\":{\"@id\":\"https:\/\/vinvin.hu\/en\/#logo\"}},{\"@type\":\"WebSite\",\"@id\":\"https:\/\/vinvin.hu\/en\/#website\",\"url\":\"https:\/\/vinvin.hu\/en\/\",\"name\":\"Vin.Vin\",\"description\":\"Vietnamese Street Food\",\"publisher\":{\"@id\":\"https:\/\/vinvin.hu\/en\/#organization\"},\"potentialAction\":[{\"@type\":\"SearchAction\",\"target\":\"https:\/\/vinvin.hu\/en\/?s={search_term_string}\",\"query-input\":\"required name=search_term_string\"}],\"inLanguage\":\"en-US\"},{\"@type\":\"ImageObject\",\"@id\":\"https:\/\/vinvin.hu\/our-restaurants\/#primaryimage\",\"inLanguage\":\"en-US\",\"url\":\"https:\/\/vinvin.hu\/wp-content\/uploads\/2022\/05\/279698704_3217994191808313_7051375944462081005_n.jpg\",\"width\":1875,\"height\":1252},{\"@type\":\"WebPage\",\"@id\":\"https:\/\/vinvin.hu\/our-restaurants\/#webpage\",\"url\":\"https:\/\/vinvin.hu\/our-restaurants\/\",\"name\":\"Restaurants | Vin.Vin\",\"isPartOf\":{\"@id\":\"https:\/\/vinvin.hu\/en\/#website\"},\"primaryImageOfPage\":{\"@id\":\"https:\/\/vinvin.hu\/our-restaurants\/#primaryimage\"},\"datePublished\":\"2020-12-03T18:03:36+00:00\",\"dateModified\":\"2022-05-15T10:02:06+00:00\",\"description\":\"VIN.VIN CITY HANGULATOS \\u00c9TTEREM BUDAPEST SZ\\u00cdV\\u00c9BEN Vin.Vin city egy Vietn\\u00e1mi street-food \\u00e9tterem amelynek c\\u00e9lja, hogy min\\u0151s\\u00e9gi \\u00e9teleket k\\u00edn\\u00e1ljon kiv\\u00e9teles\",\"breadcrumb\":{\"@id\":\"https:\/\/vinvin.hu\/our-restaurants\/#breadcrumb\"},\"inLanguage\":\"en-US\",\"potentialAction\":[{\"@type\":\"ReadAction\",\"target\":[\"https:\/\/vinvin.hu\/our-restaurants\/\"]}]},{\"@type\":\"BreadcrumbList\",\"@id\":\"https:\/\/vinvin.hu\/our-restaurants\/#breadcrumb\",\"itemListElement\":[{\"@type\":\"ListItem\",\"position\":1,\"item\":{\"@type\":\"WebPage\",\"@id\":\"https:\/\/vinvin.hu\/\",\"url\":\"https:\/\/vinvin.hu\/\",\"name\":\"Home\"}},{\"@type\":\"ListItem\",\"position\":2,\"item\":{\"@type\":\"WebPage\",\"@id\":\"https:\/\/vinvin.hu\/our-restaurants\/\",\"url\":\"https:\/\/vinvin.hu\/our-restaurants\/\",\"name\":\"Restaurants\"}}]}]}<\/script>\n<!-- \/ Yoast SEO plugin. -->","_links":{"self":[{"href":"https:\/\/vinvin.hu\/en\/wp-json\/wp\/v2\/pages\/4965"}],"collection":[{"href":"https:\/\/vinvin.hu\/en\/wp-json\/wp\/v2\/pages"}],"about":[{"href":"https:\/\/vinvin.hu\/en\/wp-json\/wp\/v2\/types\/page"}],"author":[{"embeddable":true,"href":"https:\/\/vinvin.hu\/en\/wp-json\/wp\/v2\/users\/3"}],"replies":[{"embeddable":true,"href":"https:\/\/vinvin.hu\/en\/wp-json\/wp\/v2\/comments?post=4965"}],"version-history":[{"count":99,"href":"https:\/\/vinvin.hu\/en\/wp-json\/wp\/v2\/pages\/4965\/revisions"}],"predecessor-version":[{"id":5864,"href":"https:\/\/vinvin.hu\/en\/wp-json\/wp\/v2\/pages\/4965\/revisions\/5864"}],"wp:attachment":[{"href":"https:\/\/vinvin.hu\/en\/wp-json\/wp\/v2\/media?parent=4965"}],"curies":[{"name":"wp","href":"https:\/\/api.w.org\/{rel}","templated":true}]}}